{"id":1803,"date":"2019-11-15T16:40:42","date_gmt":"2019-11-15T15:40:42","guid":{"rendered":"https:\/\/mieux-etre-dk.com\/?page_id=1803"},"modified":"2019-11-15T16:40:42","modified_gmt":"2019-11-15T15:40:42","slug":"les-packs-mieux-etre","status":"publish","type":"page","link":"https:\/\/mieux-etre-dk.com\/index.php\/les-packs-mieux-etre\/","title":{"rendered":"Les packs mieux-\u00eatre"},"content":{"rendered":"<table style=\"border-collapse: collapse; width: 100%;\">\n<tbody>\n<tr>\n<td style=\"width: 50%;\"><a href=\"https:\/\/mieux-etre-dk.com\/index.php\/massage-reflexologie-plantaire-soin-energetique-reiki\/pause-mieux-etre-volupte-reiki-soin-energetique-massage-mieux-etre-dk\/\" rel=\"attachment wp-att-1792\"><img loading=\"lazy\" decoding=\"async\" class=\"alignnone size-large wp-image-1792\" src=\"https:\/\/mieux-etre-dk.com\/wp-content\/uploads\/2019\/10\/pause-mieux-etre-volupt\u00e9-reiki-soin-energetique-massage-mieux-etre-dk-1024x1024.png\" alt=\"\" width=\"960\" height=\"960\" srcset=\"https:\/\/mieux-etre-dk.com\/wp-content\/uploads\/2019\/10\/pause-mieux-etre-volupt\u00e9-reiki-soin-energetique-massage-mieux-etre-dk-1024x1024.png 1024w, https:\/\/mieux-etre-dk.com\/wp-content\/uploads\/2019\/10\/pause-mieux-etre-volupt\u00e9-reiki-soin-energetique-massage-mieux-etre-dk-150x150.png 150w, https:\/\/mieux-etre-dk.com\/wp-content\/uploads\/2019\/10\/pause-mieux-etre-volupt\u00e9-reiki-soin-energetique-massage-mieux-etre-dk-300x300.png 300w, https:\/\/mieux-etre-dk.com\/wp-content\/uploads\/2019\/10\/pause-mieux-etre-volupt\u00e9-reiki-soin-energetique-massage-mieux-etre-dk-768x768.png 768w, https:\/\/mieux-etre-dk.com\/wp-content\/uploads\/2019\/10\/pause-mieux-etre-volupt\u00e9-reiki-soin-energetique-massage-mieux-etre-dk-75x75.png 75w, https:\/\/mieux-etre-dk.com\/wp-content\/uploads\/2019\/10\/pause-mieux-etre-volupt\u00e9-reiki-soin-energetique-massage-mieux-etre-dk.png 1080w\" sizes=\"auto, (max-width: 960px) 100vw, 960px\" \/><\/a><\/td>\n<td style=\"width: 50%;\">Pause mieux-\u00eatre volupt\u00e9<\/p>\n<p>Le pack duo soin, un massage mieux \u00eatre compl\u00e9t\u00e9 par un soin \u00e9nerg\u00e9tique, une formule qui va vous mettre dans un \u00e9tat de relaxation et de bien-\u00eatre total<\/td>\n<\/tr>\n<tr>\n<td style=\"width: 50%;\">Pause mieux-\u00eatre excellence<\/p>\n<p>Le pack duo \u00e9nergie. Alliant le soin \u00e9nerg\u00e9tique et la r\u00e9flexologie plantaire, cet pause vous procurera un r\u00e9\u00e9quilibrage complet de vos \u00e9nergies, tout en apportant bien-\u00eatre et l\u00e2cher prise<\/td>\n<td style=\"width: 50%;\"><a href=\"https:\/\/mieux-etre-dk.com\/index.php\/massage-reflexologie-plantaire-soin-energetique-reiki\/pause-mieux-etre-exellence-reiki-soin-energetique-reflexologie-plantaire-mieux-etre-dk\/\" rel=\"attachment wp-att-1790\"><img loading=\"lazy\" decoding=\"async\" class=\"alignnone size-large wp-image-1790\" src=\"https:\/\/mieux-etre-dk.com\/wp-content\/uploads\/2019\/10\/pause-mieux-etre-exellence-reiki-soin-energetique-reflexologie-plantaire-mieux-etre-dk-1024x1024.png\" alt=\"\" width=\"960\" height=\"960\" srcset=\"https:\/\/mieux-etre-dk.com\/wp-content\/uploads\/2019\/10\/pause-mieux-etre-exellence-reiki-soin-energetique-reflexologie-plantaire-mieux-etre-dk-1024x1024.png 1024w, https:\/\/mieux-etre-dk.com\/wp-content\/uploads\/2019\/10\/pause-mieux-etre-exellence-reiki-soin-energetique-reflexologie-plantaire-mieux-etre-dk-150x150.png 150w, https:\/\/mieux-etre-dk.com\/wp-content\/uploads\/2019\/10\/pause-mieux-etre-exellence-reiki-soin-energetique-reflexologie-plantaire-mieux-etre-dk-300x300.png 300w, https:\/\/mieux-etre-dk.com\/wp-content\/uploads\/2019\/10\/pause-mieux-etre-exellence-reiki-soin-energetique-reflexologie-plantaire-mieux-etre-dk-768x768.png 768w, https:\/\/mieux-etre-dk.com\/wp-content\/uploads\/2019\/10\/pause-mieux-etre-exellence-reiki-soin-energetique-reflexologie-plantaire-mieux-etre-dk-75x75.png 75w, https:\/\/mieux-etre-dk.com\/wp-content\/uploads\/2019\/10\/pause-mieux-etre-exellence-reiki-soin-energetique-reflexologie-plantaire-mieux-etre-dk.png 1080w\" sizes=\"auto, (max-width: 960px) 100vw, 960px\" \/><\/a><\/td>\n<\/tr>\n<tr>\n<td style=\"width: 50%;\"><a href=\"https:\/\/mieux-etre-dk.com\/index.php\/massage-reflexologie-plantaire-soin-energetique-reiki\/pause-mieux-etre-prestige-reiki-soin-energetique-reflexologie-plantaire-massage-mieux-etre-dk\/\" rel=\"attachment wp-att-1791\"><img loading=\"lazy\" decoding=\"async\" class=\"alignnone size-large wp-image-1791\" src=\"https:\/\/mieux-etre-dk.com\/wp-content\/uploads\/2019\/10\/pause-mieux-etre-prestige-reiki-soin-energetique-reflexologie-plantaire-massage-mieux-etre-dk-1024x1024.png\" alt=\"\" width=\"960\" height=\"960\" srcset=\"https:\/\/mieux-etre-dk.com\/wp-content\/uploads\/2019\/10\/pause-mieux-etre-prestige-reiki-soin-energetique-reflexologie-plantaire-massage-mieux-etre-dk-1024x1024.png 1024w, https:\/\/mieux-etre-dk.com\/wp-content\/uploads\/2019\/10\/pause-mieux-etre-prestige-reiki-soin-energetique-reflexologie-plantaire-massage-mieux-etre-dk-150x150.png 150w, https:\/\/mieux-etre-dk.com\/wp-content\/uploads\/2019\/10\/pause-mieux-etre-prestige-reiki-soin-energetique-reflexologie-plantaire-massage-mieux-etre-dk-300x300.png 300w, https:\/\/mieux-etre-dk.com\/wp-content\/uploads\/2019\/10\/pause-mieux-etre-prestige-reiki-soin-energetique-reflexologie-plantaire-massage-mieux-etre-dk-768x768.png 768w, https:\/\/mieux-etre-dk.com\/wp-content\/uploads\/2019\/10\/pause-mieux-etre-prestige-reiki-soin-energetique-reflexologie-plantaire-massage-mieux-etre-dk-75x75.png 75w, https:\/\/mieux-etre-dk.com\/wp-content\/uploads\/2019\/10\/pause-mieux-etre-prestige-reiki-soin-energetique-reflexologie-plantaire-massage-mieux-etre-dk.png 1080w\" sizes=\"auto, (max-width: 960px) 100vw, 960px\" \/><\/a><\/td>\n<td style=\"width: 50%;\">Pause mieux-\u00eatre prestige<\/p>\n<p>Le pack bien-\u00eatre absolu. Cette formule compl\u00e8te, comprenant le massage mieux-\u00eatre, une r\u00e9flexologie plantaire et un soin \u00e9nerg\u00e9tique est la formule pour trouver rapidement un nouvel \u00e9quilibre corps esprit, avec l&rsquo;assurance d&rsquo;une d\u00e9tente absolue du corps, un profond l\u00e2cher prise et le sentiment de retrouver une \u00e9nergie rest\u00e9e enfouie en vous. Le summum du bien-\u00eatre, une prestation de tr\u00e8s haute qualit\u00e9 en relaxologie<\/td>\n<\/tr>\n<\/tbody>\n<\/table>\n","protected":false},"excerpt":{"rendered":"<p>Pause mieux-\u00eatre volupt\u00e9 Le pack duo soin, un massage mieux \u00eatre compl\u00e9t\u00e9 par un soin \u00e9nerg\u00e9tique, une formule qui va vous mettre dans un \u00e9tat de relaxation et de bien-\u00eatre total Pause mieux-\u00eatre excellence Le pack duo \u00e9nergie. Alliant le soin \u00e9nerg\u00e9tique et la r\u00e9flexologie plantaire, cet pause vous procurera un r\u00e9\u00e9quilibrage complet de vos \u00e9nergies, tout en apportant bien-\u00eatre et l\u00e2cher prise Pause mieux-\u00eatre prestige Le pack bien-\u00eatre absolu. Cette formule compl\u00e8te, comprenant le massage mieux-\u00eatre, une r\u00e9flexologie plantaire et un soin \u00e9nerg\u00e9tique est la formule pour trouver rapidement un nouvel \u00e9quilibre corps esprit, avec l&rsquo;assurance d&rsquo;une d\u00e9tente absolue du corps, un profond l\u00e2cher prise et le sentiment de retrouver une \u00e9nergie rest\u00e9e enfouie en vous. Le summum du bien-\u00eatre, une prestation de tr\u00e8s haute qualit\u00e9 en relaxologie<\/p>\n","protected":false},"author":1,"featured_media":0,"parent":0,"menu_order":0,"comment_status":"closed","ping_status":"closed","template":"","meta":{"footnotes":""},"class_list":["post-1803","page","type-page","status-publish","hentry"],"yoast_head":"<!-- This site is optimized with the Yoast SEO plugin v26.5 - https:\/\/yoast.com\/wordpress\/plugins\/seo\/ -->\n<title>Les packs mieux-\u00eatre - MIEUX-\u00caTRE-DK<\/title>\n<meta name=\"robots\" content=\"index, follow, max-snippet:-1, max-image-preview:large, max-video-preview:-1\" \/>\n<link rel=\"canonical\" href=\"https:\/\/mieux-etre-dk.com\/index.php\/les-packs-mieux-etre\/\" \/>\n<meta property=\"og:locale\" content=\"fr_FR\" \/>\n<meta property=\"og:type\" content=\"article\" \/>\n<meta property=\"og:title\" content=\"Les packs mieux-\u00eatre - MIEUX-\u00caTRE-DK\" \/>\n<meta property=\"og:description\" content=\"Pause mieux-\u00eatre volupt\u00e9 Le pack duo soin, un massage mieux \u00eatre compl\u00e9t\u00e9 par un soin \u00e9nerg\u00e9tique, une formule qui va vous mettre dans un \u00e9tat de relaxation et de bien-\u00eatre total Pause mieux-\u00eatre excellence Le pack duo \u00e9nergie. Alliant le soin \u00e9nerg\u00e9tique et la r\u00e9flexologie plantaire, cet pause vous procurera un r\u00e9\u00e9quilibrage complet de vos \u00e9nergies, tout en apportant bien-\u00eatre et l\u00e2cher prise Pause mieux-\u00eatre prestige Le pack bien-\u00eatre absolu. Cette formule compl\u00e8te, comprenant le massage mieux-\u00eatre, une r\u00e9flexologie plantaire et un soin \u00e9nerg\u00e9tique est la formule pour trouver rapidement un nouvel \u00e9quilibre corps esprit, avec l&rsquo;assurance d&rsquo;une d\u00e9tente absolue du corps, un profond l\u00e2cher prise et le sentiment de retrouver une \u00e9nergie rest\u00e9e enfouie en vous. Le summum du bien-\u00eatre, une prestation de tr\u00e8s haute qualit\u00e9 en relaxologie\" \/>\n<meta property=\"og:url\" content=\"https:\/\/mieux-etre-dk.com\/index.php\/les-packs-mieux-etre\/\" \/>\n<meta property=\"og:site_name\" content=\"MIEUX-\u00caTRE-DK\" \/>\n<meta property=\"article:publisher\" content=\"https:\/\/www.facebook.com\/MieuxEtreDK\" \/>\n<meta property=\"og:image\" content=\"https:\/\/mieux-etre-dk.com\/wp-content\/uploads\/2019\/10\/pause-mieux-etre-exellence-reiki-soin-energetique-reflexologie-plantaire-mieux-etre-dk-1024x1024.png\" \/>\n<meta name=\"twitter:card\" content=\"summary_large_image\" \/>\n<meta name=\"twitter:label1\" content=\"Dur\u00e9e de lecture estim\u00e9e\" \/>\n\t<meta name=\"twitter:data1\" content=\"1 minute\" \/>\n<script type=\"application\/ld+json\" class=\"yoast-schema-graph\">{\"@context\":\"https:\/\/schema.org\",\"@graph\":[{\"@type\":\"WebPage\",\"@id\":\"https:\/\/mieux-etre-dk.com\/index.php\/les-packs-mieux-etre\/\",\"url\":\"https:\/\/mieux-etre-dk.com\/index.php\/les-packs-mieux-etre\/\",\"name\":\"Les packs mieux-\u00eatre - MIEUX-\u00caTRE-DK\",\"isPartOf\":{\"@id\":\"https:\/\/mieux-etre-dk.com\/#website\"},\"primaryImageOfPage\":{\"@id\":\"https:\/\/mieux-etre-dk.com\/index.php\/les-packs-mieux-etre\/#primaryimage\"},\"image\":{\"@id\":\"https:\/\/mieux-etre-dk.com\/index.php\/les-packs-mieux-etre\/#primaryimage\"},\"thumbnailUrl\":\"https:\/\/mieux-etre-dk.com\/wp-content\/uploads\/2019\/10\/pause-mieux-etre-exellence-reiki-soin-energetique-reflexologie-plantaire-mieux-etre-dk-1024x1024.png\",\"datePublished\":\"2019-11-15T15:40:42+00:00\",\"breadcrumb\":{\"@id\":\"https:\/\/mieux-etre-dk.com\/index.php\/les-packs-mieux-etre\/#breadcrumb\"},\"inLanguage\":\"fr-FR\",\"potentialAction\":[{\"@type\":\"ReadAction\",\"target\":[\"https:\/\/mieux-etre-dk.com\/index.php\/les-packs-mieux-etre\/\"]}]},{\"@type\":\"ImageObject\",\"inLanguage\":\"fr-FR\",\"@id\":\"https:\/\/mieux-etre-dk.com\/index.php\/les-packs-mieux-etre\/#primaryimage\",\"url\":\"https:\/\/mieux-etre-dk.com\/wp-content\/uploads\/2019\/10\/pause-mieux-etre-exellence-reiki-soin-energetique-reflexologie-plantaire-mieux-etre-dk.png\",\"contentUrl\":\"https:\/\/mieux-etre-dk.com\/wp-content\/uploads\/2019\/10\/pause-mieux-etre-exellence-reiki-soin-energetique-reflexologie-plantaire-mieux-etre-dk.png\",\"width\":1080,\"height\":1080},{\"@type\":\"BreadcrumbList\",\"@id\":\"https:\/\/mieux-etre-dk.com\/index.php\/les-packs-mieux-etre\/#breadcrumb\",\"itemListElement\":[{\"@type\":\"ListItem\",\"position\":1,\"name\":\"Accueil\",\"item\":\"https:\/\/mieux-etre-dk.com\/\"},{\"@type\":\"ListItem\",\"position\":2,\"name\":\"Les packs mieux-\u00eatre\"}]},{\"@type\":\"WebSite\",\"@id\":\"https:\/\/mieux-etre-dk.com\/#website\",\"url\":\"https:\/\/mieux-etre-dk.com\/\",\"name\":\"MIEUX-\u00caTRE-DK\",\"description\":\"Au-del\u00e0 du bien-\u00eatre\",\"publisher\":{\"@id\":\"https:\/\/mieux-etre-dk.com\/#organization\"},\"potentialAction\":[{\"@type\":\"SearchAction\",\"target\":{\"@type\":\"EntryPoint\",\"urlTemplate\":\"https:\/\/mieux-etre-dk.com\/?s={search_term_string}\"},\"query-input\":{\"@type\":\"PropertyValueSpecification\",\"valueRequired\":true,\"valueName\":\"search_term_string\"}}],\"inLanguage\":\"fr-FR\"},{\"@type\":\"Organization\",\"@id\":\"https:\/\/mieux-etre-dk.com\/#organization\",\"name\":\"mieux-etre-dk\",\"url\":\"https:\/\/mieux-etre-dk.com\/\",\"logo\":{\"@type\":\"ImageObject\",\"inLanguage\":\"fr-FR\",\"@id\":\"https:\/\/mieux-etre-dk.com\/#\/schema\/logo\/image\/\",\"url\":\"https:\/\/mieux-etre-dk.com\/wp-content\/uploads\/2019\/06\/logo-mieux-\u00eatre-dk-massage-relaxation-detente-personnalis\u00e9-refelexologie-plantaire-lacher-prise-d\u00e9contractant-dunkerque.png\",\"contentUrl\":\"https:\/\/mieux-etre-dk.com\/wp-content\/uploads\/2019\/06\/logo-mieux-\u00eatre-dk-massage-relaxation-detente-personnalis\u00e9-refelexologie-plantaire-lacher-prise-d\u00e9contractant-dunkerque.png\",\"width\":500,\"height\":500,\"caption\":\"mieux-etre-dk\"},\"image\":{\"@id\":\"https:\/\/mieux-etre-dk.com\/#\/schema\/logo\/image\/\"},\"sameAs\":[\"https:\/\/www.facebook.com\/MieuxEtreDK\",\"https:\/\/www.instagram.com\/mieuxetredk\/\"]}]}<\/script>\n<!-- \/ Yoast SEO plugin. -->","yoast_head_json":{"title":"Les packs mieux-\u00eatre - MIEUX-\u00caTRE-DK","robots":{"index":"index","follow":"follow","max-snippet":"max-snippet:-1","max-image-preview":"max-image-preview:large","max-video-preview":"max-video-preview:-1"},"canonical":"https:\/\/mieux-etre-dk.com\/index.php\/les-packs-mieux-etre\/","og_locale":"fr_FR","og_type":"article","og_title":"Les packs mieux-\u00eatre - MIEUX-\u00caTRE-DK","og_description":"Pause mieux-\u00eatre volupt\u00e9 Le pack duo soin, un massage mieux \u00eatre compl\u00e9t\u00e9 par un soin \u00e9nerg\u00e9tique, une formule qui va vous mettre dans un \u00e9tat de relaxation et de bien-\u00eatre total Pause mieux-\u00eatre excellence Le pack duo \u00e9nergie. Alliant le soin \u00e9nerg\u00e9tique et la r\u00e9flexologie plantaire, cet pause vous procurera un r\u00e9\u00e9quilibrage complet de vos \u00e9nergies, tout en apportant bien-\u00eatre et l\u00e2cher prise Pause mieux-\u00eatre prestige Le pack bien-\u00eatre absolu. Cette formule compl\u00e8te, comprenant le massage mieux-\u00eatre, une r\u00e9flexologie plantaire et un soin \u00e9nerg\u00e9tique est la formule pour trouver rapidement un nouvel \u00e9quilibre corps esprit, avec l&rsquo;assurance d&rsquo;une d\u00e9tente absolue du corps, un profond l\u00e2cher prise et le sentiment de retrouver une \u00e9nergie rest\u00e9e enfouie en vous. Le summum du bien-\u00eatre, une prestation de tr\u00e8s haute qualit\u00e9 en relaxologie","og_url":"https:\/\/mieux-etre-dk.com\/index.php\/les-packs-mieux-etre\/","og_site_name":"MIEUX-\u00caTRE-DK","article_publisher":"https:\/\/www.facebook.com\/MieuxEtreDK","og_image":[{"url":"https:\/\/mieux-etre-dk.com\/wp-content\/uploads\/2019\/10\/pause-mieux-etre-exellence-reiki-soin-energetique-reflexologie-plantaire-mieux-etre-dk-1024x1024.png","type":"","width":"","height":""}],"twitter_card":"summary_large_image","twitter_misc":{"Dur\u00e9e de lecture estim\u00e9e":"1 minute"},"schema":{"@context":"https:\/\/schema.org","@graph":[{"@type":"WebPage","@id":"https:\/\/mieux-etre-dk.com\/index.php\/les-packs-mieux-etre\/","url":"https:\/\/mieux-etre-dk.com\/index.php\/les-packs-mieux-etre\/","name":"Les packs mieux-\u00eatre - MIEUX-\u00caTRE-DK","isPartOf":{"@id":"https:\/\/mieux-etre-dk.com\/#website"},"primaryImageOfPage":{"@id":"https:\/\/mieux-etre-dk.com\/index.php\/les-packs-mieux-etre\/#primaryimage"},"image":{"@id":"https:\/\/mieux-etre-dk.com\/index.php\/les-packs-mieux-etre\/#primaryimage"},"thumbnailUrl":"https:\/\/mieux-etre-dk.com\/wp-content\/uploads\/2019\/10\/pause-mieux-etre-exellence-reiki-soin-energetique-reflexologie-plantaire-mieux-etre-dk-1024x1024.png","datePublished":"2019-11-15T15:40:42+00:00","breadcrumb":{"@id":"https:\/\/mieux-etre-dk.com\/index.php\/les-packs-mieux-etre\/#breadcrumb"},"inLanguage":"fr-FR","potentialAction":[{"@type":"ReadAction","target":["https:\/\/mieux-etre-dk.com\/index.php\/les-packs-mieux-etre\/"]}]},{"@type":"ImageObject","inLanguage":"fr-FR","@id":"https:\/\/mieux-etre-dk.com\/index.php\/les-packs-mieux-etre\/#primaryimage","url":"https:\/\/mieux-etre-dk.com\/wp-content\/uploads\/2019\/10\/pause-mieux-etre-exellence-reiki-soin-energetique-reflexologie-plantaire-mieux-etre-dk.png","contentUrl":"https:\/\/mieux-etre-dk.com\/wp-content\/uploads\/2019\/10\/pause-mieux-etre-exellence-reiki-soin-energetique-reflexologie-plantaire-mieux-etre-dk.png","width":1080,"height":1080},{"@type":"BreadcrumbList","@id":"https:\/\/mieux-etre-dk.com\/index.php\/les-packs-mieux-etre\/#breadcrumb","itemListElement":[{"@type":"ListItem","position":1,"name":"Accueil","item":"https:\/\/mieux-etre-dk.com\/"},{"@type":"ListItem","position":2,"name":"Les packs mieux-\u00eatre"}]},{"@type":"WebSite","@id":"https:\/\/mieux-etre-dk.com\/#website","url":"https:\/\/mieux-etre-dk.com\/","name":"MIEUX-\u00caTRE-DK","description":"Au-del\u00e0 du bien-\u00eatre","publisher":{"@id":"https:\/\/mieux-etre-dk.com\/#organization"},"potentialAction":[{"@type":"SearchAction","target":{"@type":"EntryPoint","urlTemplate":"https:\/\/mieux-etre-dk.com\/?s={search_term_string}"},"query-input":{"@type":"PropertyValueSpecification","valueRequired":true,"valueName":"search_term_string"}}],"inLanguage":"fr-FR"},{"@type":"Organization","@id":"https:\/\/mieux-etre-dk.com\/#organization","name":"mieux-etre-dk","url":"https:\/\/mieux-etre-dk.com\/","logo":{"@type":"ImageObject","inLanguage":"fr-FR","@id":"https:\/\/mieux-etre-dk.com\/#\/schema\/logo\/image\/","url":"https:\/\/mieux-etre-dk.com\/wp-content\/uploads\/2019\/06\/logo-mieux-\u00eatre-dk-massage-relaxation-detente-personnalis\u00e9-refelexologie-plantaire-lacher-prise-d\u00e9contractant-dunkerque.png","contentUrl":"https:\/\/mieux-etre-dk.com\/wp-content\/uploads\/2019\/06\/logo-mieux-\u00eatre-dk-massage-relaxation-detente-personnalis\u00e9-refelexologie-plantaire-lacher-prise-d\u00e9contractant-dunkerque.png","width":500,"height":500,"caption":"mieux-etre-dk"},"image":{"@id":"https:\/\/mieux-etre-dk.com\/#\/schema\/logo\/image\/"},"sameAs":["https:\/\/www.facebook.com\/MieuxEtreDK","https:\/\/www.instagram.com\/mieuxetredk\/"]}]}},"_links":{"self":[{"href":"https:\/\/mieux-etre-dk.com\/index.php\/wp-json\/wp\/v2\/pages\/1803","targetHints":{"allow":["GET"]}}],"collection":[{"href":"https:\/\/mieux-etre-dk.com\/index.php\/wp-json\/wp\/v2\/pages"}],"about":[{"href":"https:\/\/mieux-etre-dk.com\/index.php\/wp-json\/wp\/v2\/types\/page"}],"author":[{"embeddable":true,"href":"https:\/\/mieux-etre-dk.com\/index.php\/wp-json\/wp\/v2\/users\/1"}],"replies":[{"embeddable":true,"href":"https:\/\/mieux-etre-dk.com\/index.php\/wp-json\/wp\/v2\/comments?post=1803"}],"version-history":[{"count":1,"href":"https:\/\/mieux-etre-dk.com\/index.php\/wp-json\/wp\/v2\/pages\/1803\/revisions"}],"predecessor-version":[{"id":1804,"href":"https:\/\/mieux-etre-dk.com\/index.php\/wp-json\/wp\/v2\/pages\/1803\/revisions\/1804"}],"wp:attachment":[{"href":"https:\/\/mieux-etre-dk.com\/index.php\/wp-json\/wp\/v2\/media?parent=1803"}],"curies":[{"name":"wp","href":"https:\/\/api.w.org\/{rel}","templated":true}]}}