{"id":4120,"date":"2021-02-24T19:56:27","date_gmt":"2021-02-24T18:56:27","guid":{"rendered":"https:\/\/mieux-etre-dk.com\/?page_id=4120"},"modified":"2025-02-04T01:20:10","modified_gmt":"2025-02-04T00:20:10","slug":"fleur-de-vie-2","status":"publish","type":"page","link":"https:\/\/mieux-etre-dk.com\/index.php\/fleur-de-vie-2\/","title":{"rendered":"Fleur de vie"},"content":{"rendered":"<table style=\"border-collapse: collapse; width: 100%;\">\n<tbody>\n<tr>\n<td style=\"width: 99.919%; text-align: center;\">Un Symbole Universel d\u2019Harmonie et d\u2019\u00c9nergie<img loading=\"lazy\" decoding=\"async\" class=\"aligncenter size-medium wp-image-5309\" src=\"https:\/\/mieux-etre-dk.com\/wp-content\/uploads\/2025\/02\/476415023_605582115767948_1033118219271171074_n-300x300.jpg\" alt=\"\" width=\"300\" height=\"300\" srcset=\"https:\/\/mieux-etre-dk.com\/wp-content\/uploads\/2025\/02\/476415023_605582115767948_1033118219271171074_n-300x300.jpg 300w, https:\/\/mieux-etre-dk.com\/wp-content\/uploads\/2025\/02\/476415023_605582115767948_1033118219271171074_n-150x150.jpg 150w, https:\/\/mieux-etre-dk.com\/wp-content\/uploads\/2025\/02\/476415023_605582115767948_1033118219271171074_n-768x768.jpg 768w, https:\/\/mieux-etre-dk.com\/wp-content\/uploads\/2025\/02\/476415023_605582115767948_1033118219271171074_n-75x75.jpg 75w, https:\/\/mieux-etre-dk.com\/wp-content\/uploads\/2025\/02\/476415023_605582115767948_1033118219271171074_n.jpg 1024w\" sizes=\"auto, (max-width: 300px) 100vw, 300px\" \/><\/td>\n<td style=\"width: 0.810373%;\"><\/td>\n<\/tr>\n<\/tbody>\n<\/table>\n<table style=\"border-collapse: collapse; width: 100%;\">\n<tbody>\n<tr>\n<td style=\"width: 100%;\">Depuis des mill\u00e9naires, la Fleur de Vie intrigue et inspire.<\/p>\n<p>Pr\u00e9sente dans de nombreuses civilisations anciennes, elle est bien plus qu\u2019un simple motif d\u00e9coratif : elle incarne la structure m\u00eame de l\u2019univers.<\/p>\n<p>Compos\u00e9e de cercles entrelac\u00e9s en parfaite harmonie, elle symbolise l\u2019<strong>unit\u00e9<\/strong>, l\u2019<strong>\u00e9nergie vitale<\/strong> et l\u2019<strong>interconnexion de toutes choses<\/strong>.<\/p>\n<p>En g\u00e9om\u00e9trie sacr\u00e9e, elle est utilis\u00e9e pour <strong>\u00e9lever les vibrations<\/strong> et <strong>r\u00e9tablir l\u2019\u00e9quilibre \u00e9nerg\u00e9tique<\/strong>.<\/p>\n<h4>Comment utiliser la Fleur de Vie ?<\/h4>\n<h6>\u00a0<strong>Dynamiser l\u2019eau et les aliments <\/strong><\/h6>\n<p>Place une bouteille, un verre ou m\u00eame des aliments sur une plaque Fleur de Vie pendant quelques minutes. Cette m\u00e9thode est r\u00e9put\u00e9e pour <strong>r\u00e9\u00e9quilibrer<\/strong> et revitaliser ce que tu consommes en influen\u00e7ant positivement leur structure \u00e9nerg\u00e9tique.<\/p>\n<p style=\"text-align: center;\"><a href=\"https:\/\/mieux-etre-dk.com\/index.php\/fleur-de-vie-2\/474239704_9147931308607456_895169680995045098_n\/\" rel=\"attachment wp-att-5307\"><img loading=\"lazy\" decoding=\"async\" class=\"aligncenter size-medium wp-image-5307\" src=\"https:\/\/mieux-etre-dk.com\/wp-content\/uploads\/2025\/02\/474239704_9147931308607456_895169680995045098_n-300x300.jpg\" alt=\"\" width=\"300\" height=\"300\" srcset=\"https:\/\/mieux-etre-dk.com\/wp-content\/uploads\/2025\/02\/474239704_9147931308607456_895169680995045098_n-300x300.jpg 300w, https:\/\/mieux-etre-dk.com\/wp-content\/uploads\/2025\/02\/474239704_9147931308607456_895169680995045098_n-150x150.jpg 150w, https:\/\/mieux-etre-dk.com\/wp-content\/uploads\/2025\/02\/474239704_9147931308607456_895169680995045098_n-768x768.jpg 768w, https:\/\/mieux-etre-dk.com\/wp-content\/uploads\/2025\/02\/474239704_9147931308607456_895169680995045098_n-75x75.jpg 75w, https:\/\/mieux-etre-dk.com\/wp-content\/uploads\/2025\/02\/474239704_9147931308607456_895169680995045098_n.jpg 1024w\" sizes=\"auto, (max-width: 300px) 100vw, 300px\" \/><\/a><\/p>\n<h6>\u00a0<strong>\u00c9quilibrer l\u2019\u00e9nergie d\u2019un lieu <\/strong><\/h6>\n<p>Pos\u00e9e dans une pi\u00e8ce, la Fleur de Vie diffuse une \u00e9nergie harmonisante et apaise l\u2019atmosph\u00e8re. Elle est id\u00e9ale pour neutraliser les ondes n\u00e9gatives, favoriser la <strong>s\u00e9r\u00e9nit\u00e9<\/strong> et am\u00e9liorer la<strong> circulation \u00e9nerg\u00e9tique<\/strong>.<\/p>\n<h6>\u00a0<strong>Recharger les cristaux et objets \u00e9nerg\u00e9tiques <\/strong><\/h6>\n<p>Les pierres et bijoux absorbent les \u00e9nergies de leur environnement et ont besoin d\u2019\u00eatre purifi\u00e9s. En les pla\u00e7ant sur une plaque Fleur de Vie, ils se rechargent naturellement et retrouvent toute leur <strong>puissance vibratoire<\/strong>.<\/p>\n<p><a href=\"https:\/\/mieux-etre-dk.com\/index.php\/fleur-de-vie-2\/476313196_1258998448508482_7072214579213395018_n\/\" rel=\"attachment wp-att-5306\"><img loading=\"lazy\" decoding=\"async\" class=\"aligncenter size-medium wp-image-5306\" src=\"https:\/\/mieux-etre-dk.com\/wp-content\/uploads\/2025\/02\/476313196_1258998448508482_7072214579213395018_n-300x300.jpg\" alt=\"\" width=\"300\" height=\"300\" srcset=\"https:\/\/mieux-etre-dk.com\/wp-content\/uploads\/2025\/02\/476313196_1258998448508482_7072214579213395018_n-300x300.jpg 300w, https:\/\/mieux-etre-dk.com\/wp-content\/uploads\/2025\/02\/476313196_1258998448508482_7072214579213395018_n-150x150.jpg 150w, https:\/\/mieux-etre-dk.com\/wp-content\/uploads\/2025\/02\/476313196_1258998448508482_7072214579213395018_n-768x768.jpg 768w, https:\/\/mieux-etre-dk.com\/wp-content\/uploads\/2025\/02\/476313196_1258998448508482_7072214579213395018_n-75x75.jpg 75w, https:\/\/mieux-etre-dk.com\/wp-content\/uploads\/2025\/02\/476313196_1258998448508482_7072214579213395018_n.jpg 1024w\" sizes=\"auto, (max-width: 300px) 100vw, 300px\" \/><\/a><\/p>\n<h6>\u00a0<strong>M\u00e9ditation et bien-\u00eatre int\u00e9rieur <\/strong><\/h6>\n<p>Utilis\u00e9e en support de m\u00e9ditation, la Fleur de Vie aide \u00e0 se recentrer, \u00e0 apaiser le mental et \u00e0 renforcer sa connexion spirituelle. Fixe-la quelques instants pour ressentir ses effets <strong>apaisants<\/strong> et <strong>inspirants<\/strong>.<\/p>\n<h6>\u00a0<strong>Protection et \u00e9quilibre personnel <\/strong><\/h6>\n<p>Glisse une plaque sous ton oreiller, sur ta table de chevet ou m\u00eame sous ton si\u00e8ge pour b\u00e9n\u00e9ficier en permanence de son influence bienfaisante. Elle favorise un sommeil r\u00e9parateur, l\u2019<strong>ancrage<\/strong> et la <strong>stabilit\u00e9 \u00e9motionnelle<\/strong>.<\/td>\n<\/tr>\n<\/tbody>\n<\/table>\n<table style=\"border-collapse: collapse; width: 100%;\">\n<tbody>\n<tr>\n<td style=\"width: 99.919%;\">\n<p style=\"text-align: center;\"><img loading=\"lazy\" decoding=\"async\" class=\"aligncenter size-medium wp-image-4124\" src=\"https:\/\/mieux-etre-dk.com\/wp-content\/uploads\/2021\/02\/fleur-de-vie-290x300.jpg\" alt=\"\" width=\"290\" height=\"300\" srcset=\"https:\/\/mieux-etre-dk.com\/wp-content\/uploads\/2021\/02\/fleur-de-vie-290x300.jpg 290w, https:\/\/mieux-etre-dk.com\/wp-content\/uploads\/2021\/02\/fleur-de-vie.jpg 474w\" sizes=\"auto, (max-width: 290px) 100vw, 290px\" \/><em>10cm:5\u20ac\u00a0 \u00a020cm:10\u20ac\u00a0 \u00a030cm:15\u20ac<\/em><\/p>\n<p>Disponible en trois tailles selon tes besoins<\/p>\n<p>Que ce soit pour <strong>dynamiser<\/strong> ton eau, <strong>purifier<\/strong> tes pierres ou <strong>harmoniser<\/strong> ton espace, mes plaques Fleur de Vie sont disponibles en trois diam\u00e8tres : petit, moyen et grand.<\/p>\n<p>\u00c0 toi de choisir celle qui accompagnera ton quotidien !<\/td>\n<td style=\"width: 0.810373%;\"><\/td>\n<\/tr>\n<\/tbody>\n<\/table>\n<table style=\"border-collapse: collapse; width: 100%;\">\n<tbody>\n<tr>\n<td style=\"width: 100%;\">\n<p style=\"text-align: center;\"><a href=\"https:\/\/mieux-etre-dk.com\/index.php\/2025\/02\/04\/la-fleur-de-vie\/\">La fleur de vie: Un Symbole Ancien au C\u0153ur du Vivant\u00a0<\/a><\/p>\n<\/td>\n<\/tr>\n<\/tbody>\n<\/table>\n","protected":false},"excerpt":{"rendered":"<p>Un Symbole Universel d\u2019Harmonie et d\u2019\u00c9nergie Depuis des mill\u00e9naires, la Fleur de Vie intrigue et inspire. Pr\u00e9sente dans de nombreuses civilisations anciennes, elle est bien plus qu\u2019un simple motif d\u00e9coratif : elle incarne la structure m\u00eame de l\u2019univers. Compos\u00e9e de cercles entrelac\u00e9s en parfaite harmonie, elle symbolise l\u2019unit\u00e9, l\u2019\u00e9nergie vitale et l\u2019interconnexion de toutes choses. En g\u00e9om\u00e9trie sacr\u00e9e, elle est utilis\u00e9e pour \u00e9lever les vibrations et r\u00e9tablir l\u2019\u00e9quilibre \u00e9nerg\u00e9tique. Comment utiliser la Fleur de Vie ? \u00a0Dynamiser l\u2019eau et les aliments Place une bouteille, un verre ou m\u00eame des aliments sur une plaque Fleur de Vie pendant quelques minutes. Cette m\u00e9thode est r\u00e9put\u00e9e pour r\u00e9\u00e9quilibrer et revitaliser ce que tu consommes en influen\u00e7ant positivement leur structure \u00e9nerg\u00e9tique. \u00a0\u00c9quilibrer l\u2019\u00e9nergie d\u2019un lieu Pos\u00e9e dans une pi\u00e8ce, la Fleur de Vie diffuse une \u00e9nergie harmonisante et apaise l\u2019atmosph\u00e8re. Elle est id\u00e9ale pour neutraliser les ondes n\u00e9gatives, favoriser la s\u00e9r\u00e9nit\u00e9 et am\u00e9liorer la circulation \u00e9nerg\u00e9tique. \u00a0Recharger les cristaux et objets \u00e9nerg\u00e9tiques Les pierres et bijoux absorbent les \u00e9nergies de leur environnement et ont besoin d\u2019\u00eatre purifi\u00e9s. En les pla\u00e7ant sur une plaque Fleur de Vie, ils se rechargent naturellement et retrouvent toute leur puissance vibratoire. \u00a0M\u00e9ditation et bien-\u00eatre int\u00e9rieur Utilis\u00e9e en support de m\u00e9ditation, la Fleur de Vie aide \u00e0 se recentrer, \u00e0 apaiser le mental et \u00e0 renforcer sa connexion spirituelle. Fixe-la quelques instants pour ressentir ses effets apaisants et inspirants. \u00a0Protection et \u00e9quilibre personnel Glisse une plaque sous ton oreiller, sur ta table de chevet ou m\u00eame sous ton si\u00e8ge pour b\u00e9n\u00e9ficier en permanence de son influence bienfaisante. Elle favorise un sommeil r\u00e9parateur, l\u2019ancrage et la stabilit\u00e9 \u00e9motionnelle. 10cm:5\u20ac\u00a0 \u00a020cm:10\u20ac\u00a0 \u00a030cm:15\u20ac Disponible en trois tailles selon tes besoins Que ce soit pour dynamiser ton eau, purifier tes pierres ou harmoniser ton espace, mes plaques Fleur de Vie sont disponibles en trois diam\u00e8tres : petit, moyen et grand. \u00c0 toi de choisir celle qui accompagnera ton quotidien ! La fleur de vie: Un Symbole Ancien au C\u0153ur du Vivant\u00a0<\/p>\n","protected":false},"author":1,"featured_media":0,"parent":0,"menu_order":0,"comment_status":"closed","ping_status":"closed","template":"","meta":{"footnotes":""},"class_list":["post-4120","page","type-page","status-publish","hentry"],"yoast_head":"<!-- This site is optimized with the Yoast SEO plugin v26.5 - https:\/\/yoast.com\/wordpress\/plugins\/seo\/ -->\n<title>Fleur de vie - MIEUX-\u00caTRE-DK<\/title>\n<meta name=\"robots\" content=\"index, follow, max-snippet:-1, max-image-preview:large, max-video-preview:-1\" \/>\n<link rel=\"canonical\" href=\"https:\/\/mieux-etre-dk.com\/index.php\/fleur-de-vie-2\/\" \/>\n<meta property=\"og:locale\" content=\"fr_FR\" \/>\n<meta property=\"og:type\" content=\"article\" \/>\n<meta property=\"og:title\" content=\"Fleur de vie - MIEUX-\u00caTRE-DK\" \/>\n<meta property=\"og:description\" content=\"Un Symbole Universel d\u2019Harmonie et d\u2019\u00c9nergie Depuis des mill\u00e9naires, la Fleur de Vie intrigue et inspire. Pr\u00e9sente dans de nombreuses civilisations anciennes, elle est bien plus qu\u2019un simple motif d\u00e9coratif : elle incarne la structure m\u00eame de l\u2019univers. Compos\u00e9e de cercles entrelac\u00e9s en parfaite harmonie, elle symbolise l\u2019unit\u00e9, l\u2019\u00e9nergie vitale et l\u2019interconnexion de toutes choses. En g\u00e9om\u00e9trie sacr\u00e9e, elle est utilis\u00e9e pour \u00e9lever les vibrations et r\u00e9tablir l\u2019\u00e9quilibre \u00e9nerg\u00e9tique. Comment utiliser la Fleur de Vie ? \u00a0Dynamiser l\u2019eau et les aliments Place une bouteille, un verre ou m\u00eame des aliments sur une plaque Fleur de Vie pendant quelques minutes. Cette m\u00e9thode est r\u00e9put\u00e9e pour r\u00e9\u00e9quilibrer et revitaliser ce que tu consommes en influen\u00e7ant positivement leur structure \u00e9nerg\u00e9tique. \u00a0\u00c9quilibrer l\u2019\u00e9nergie d\u2019un lieu Pos\u00e9e dans une pi\u00e8ce, la Fleur de Vie diffuse une \u00e9nergie harmonisante et apaise l\u2019atmosph\u00e8re. Elle est id\u00e9ale pour neutraliser les ondes n\u00e9gatives, favoriser la s\u00e9r\u00e9nit\u00e9 et am\u00e9liorer la circulation \u00e9nerg\u00e9tique. \u00a0Recharger les cristaux et objets \u00e9nerg\u00e9tiques Les pierres et bijoux absorbent les \u00e9nergies de leur environnement et ont besoin d\u2019\u00eatre purifi\u00e9s. En les pla\u00e7ant sur une plaque Fleur de Vie, ils se rechargent naturellement et retrouvent toute leur puissance vibratoire. \u00a0M\u00e9ditation et bien-\u00eatre int\u00e9rieur Utilis\u00e9e en support de m\u00e9ditation, la Fleur de Vie aide \u00e0 se recentrer, \u00e0 apaiser le mental et \u00e0 renforcer sa connexion spirituelle. Fixe-la quelques instants pour ressentir ses effets apaisants et inspirants. \u00a0Protection et \u00e9quilibre personnel Glisse une plaque sous ton oreiller, sur ta table de chevet ou m\u00eame sous ton si\u00e8ge pour b\u00e9n\u00e9ficier en permanence de son influence bienfaisante. Elle favorise un sommeil r\u00e9parateur, l\u2019ancrage et la stabilit\u00e9 \u00e9motionnelle. 10cm:5\u20ac\u00a0 \u00a020cm:10\u20ac\u00a0 \u00a030cm:15\u20ac Disponible en trois tailles selon tes besoins Que ce soit pour dynamiser ton eau, purifier tes pierres ou harmoniser ton espace, mes plaques Fleur de Vie sont disponibles en trois diam\u00e8tres : petit, moyen et grand. \u00c0 toi de choisir celle qui accompagnera ton quotidien ! La fleur de vie: Un Symbole Ancien au C\u0153ur du Vivant\u00a0\" \/>\n<meta property=\"og:url\" content=\"https:\/\/mieux-etre-dk.com\/index.php\/fleur-de-vie-2\/\" \/>\n<meta property=\"og:site_name\" content=\"MIEUX-\u00caTRE-DK\" \/>\n<meta property=\"article:publisher\" content=\"https:\/\/www.facebook.com\/MieuxEtreDK\" \/>\n<meta property=\"article:modified_time\" content=\"2025-02-04T00:20:10+00:00\" \/>\n<meta property=\"og:image\" content=\"https:\/\/mieux-etre-dk.com\/wp-content\/uploads\/2025\/02\/476415023_605582115767948_1033118219271171074_n-300x300.jpg\" \/>\n<meta name=\"twitter:card\" content=\"summary_large_image\" \/>\n<meta name=\"twitter:label1\" content=\"Dur\u00e9e de lecture estim\u00e9e\" \/>\n\t<meta name=\"twitter:data1\" content=\"2 minutes\" \/>\n<script type=\"application\/ld+json\" class=\"yoast-schema-graph\">{\"@context\":\"https:\/\/schema.org\",\"@graph\":[{\"@type\":\"WebPage\",\"@id\":\"https:\/\/mieux-etre-dk.com\/index.php\/fleur-de-vie-2\/\",\"url\":\"https:\/\/mieux-etre-dk.com\/index.php\/fleur-de-vie-2\/\",\"name\":\"Fleur de vie - MIEUX-\u00caTRE-DK\",\"isPartOf\":{\"@id\":\"https:\/\/mieux-etre-dk.com\/#website\"},\"primaryImageOfPage\":{\"@id\":\"https:\/\/mieux-etre-dk.com\/index.php\/fleur-de-vie-2\/#primaryimage\"},\"image\":{\"@id\":\"https:\/\/mieux-etre-dk.com\/index.php\/fleur-de-vie-2\/#primaryimage\"},\"thumbnailUrl\":\"https:\/\/mieux-etre-dk.com\/wp-content\/uploads\/2025\/02\/476415023_605582115767948_1033118219271171074_n-300x300.jpg\",\"datePublished\":\"2021-02-24T18:56:27+00:00\",\"dateModified\":\"2025-02-04T00:20:10+00:00\",\"breadcrumb\":{\"@id\":\"https:\/\/mieux-etre-dk.com\/index.php\/fleur-de-vie-2\/#breadcrumb\"},\"inLanguage\":\"fr-FR\",\"potentialAction\":[{\"@type\":\"ReadAction\",\"target\":[\"https:\/\/mieux-etre-dk.com\/index.php\/fleur-de-vie-2\/\"]}]},{\"@type\":\"ImageObject\",\"inLanguage\":\"fr-FR\",\"@id\":\"https:\/\/mieux-etre-dk.com\/index.php\/fleur-de-vie-2\/#primaryimage\",\"url\":\"https:\/\/mieux-etre-dk.com\/wp-content\/uploads\/2025\/02\/476415023_605582115767948_1033118219271171074_n.jpg\",\"contentUrl\":\"https:\/\/mieux-etre-dk.com\/wp-content\/uploads\/2025\/02\/476415023_605582115767948_1033118219271171074_n.jpg\",\"width\":1024,\"height\":1024},{\"@type\":\"BreadcrumbList\",\"@id\":\"https:\/\/mieux-etre-dk.com\/index.php\/fleur-de-vie-2\/#breadcrumb\",\"itemListElement\":[{\"@type\":\"ListItem\",\"position\":1,\"name\":\"Accueil\",\"item\":\"https:\/\/mieux-etre-dk.com\/\"},{\"@type\":\"ListItem\",\"position\":2,\"name\":\"Fleur de vie\"}]},{\"@type\":\"WebSite\",\"@id\":\"https:\/\/mieux-etre-dk.com\/#website\",\"url\":\"https:\/\/mieux-etre-dk.com\/\",\"name\":\"MIEUX-\u00caTRE-DK\",\"description\":\"Au-del\u00e0 du bien-\u00eatre\",\"publisher\":{\"@id\":\"https:\/\/mieux-etre-dk.com\/#organization\"},\"potentialAction\":[{\"@type\":\"SearchAction\",\"target\":{\"@type\":\"EntryPoint\",\"urlTemplate\":\"https:\/\/mieux-etre-dk.com\/?s={search_term_string}\"},\"query-input\":{\"@type\":\"PropertyValueSpecification\",\"valueRequired\":true,\"valueName\":\"search_term_string\"}}],\"inLanguage\":\"fr-FR\"},{\"@type\":\"Organization\",\"@id\":\"https:\/\/mieux-etre-dk.com\/#organization\",\"name\":\"mieux-etre-dk\",\"url\":\"https:\/\/mieux-etre-dk.com\/\",\"logo\":{\"@type\":\"ImageObject\",\"inLanguage\":\"fr-FR\",\"@id\":\"https:\/\/mieux-etre-dk.com\/#\/schema\/logo\/image\/\",\"url\":\"https:\/\/mieux-etre-dk.com\/wp-content\/uploads\/2019\/06\/logo-mieux-\u00eatre-dk-massage-relaxation-detente-personnalis\u00e9-refelexologie-plantaire-lacher-prise-d\u00e9contractant-dunkerque.png\",\"contentUrl\":\"https:\/\/mieux-etre-dk.com\/wp-content\/uploads\/2019\/06\/logo-mieux-\u00eatre-dk-massage-relaxation-detente-personnalis\u00e9-refelexologie-plantaire-lacher-prise-d\u00e9contractant-dunkerque.png\",\"width\":500,\"height\":500,\"caption\":\"mieux-etre-dk\"},\"image\":{\"@id\":\"https:\/\/mieux-etre-dk.com\/#\/schema\/logo\/image\/\"},\"sameAs\":[\"https:\/\/www.facebook.com\/MieuxEtreDK\",\"https:\/\/www.instagram.com\/mieuxetredk\/\"]}]}<\/script>\n<!-- \/ Yoast SEO plugin. -->","yoast_head_json":{"title":"Fleur de vie - MIEUX-\u00caTRE-DK","robots":{"index":"index","follow":"follow","max-snippet":"max-snippet:-1","max-image-preview":"max-image-preview:large","max-video-preview":"max-video-preview:-1"},"canonical":"https:\/\/mieux-etre-dk.com\/index.php\/fleur-de-vie-2\/","og_locale":"fr_FR","og_type":"article","og_title":"Fleur de vie - MIEUX-\u00caTRE-DK","og_description":"Un Symbole Universel d\u2019Harmonie et d\u2019\u00c9nergie Depuis des mill\u00e9naires, la Fleur de Vie intrigue et inspire. Pr\u00e9sente dans de nombreuses civilisations anciennes, elle est bien plus qu\u2019un simple motif d\u00e9coratif : elle incarne la structure m\u00eame de l\u2019univers. Compos\u00e9e de cercles entrelac\u00e9s en parfaite harmonie, elle symbolise l\u2019unit\u00e9, l\u2019\u00e9nergie vitale et l\u2019interconnexion de toutes choses. En g\u00e9om\u00e9trie sacr\u00e9e, elle est utilis\u00e9e pour \u00e9lever les vibrations et r\u00e9tablir l\u2019\u00e9quilibre \u00e9nerg\u00e9tique. Comment utiliser la Fleur de Vie ? \u00a0Dynamiser l\u2019eau et les aliments Place une bouteille, un verre ou m\u00eame des aliments sur une plaque Fleur de Vie pendant quelques minutes. Cette m\u00e9thode est r\u00e9put\u00e9e pour r\u00e9\u00e9quilibrer et revitaliser ce que tu consommes en influen\u00e7ant positivement leur structure \u00e9nerg\u00e9tique. \u00a0\u00c9quilibrer l\u2019\u00e9nergie d\u2019un lieu Pos\u00e9e dans une pi\u00e8ce, la Fleur de Vie diffuse une \u00e9nergie harmonisante et apaise l\u2019atmosph\u00e8re. Elle est id\u00e9ale pour neutraliser les ondes n\u00e9gatives, favoriser la s\u00e9r\u00e9nit\u00e9 et am\u00e9liorer la circulation \u00e9nerg\u00e9tique. \u00a0Recharger les cristaux et objets \u00e9nerg\u00e9tiques Les pierres et bijoux absorbent les \u00e9nergies de leur environnement et ont besoin d\u2019\u00eatre purifi\u00e9s. En les pla\u00e7ant sur une plaque Fleur de Vie, ils se rechargent naturellement et retrouvent toute leur puissance vibratoire. \u00a0M\u00e9ditation et bien-\u00eatre int\u00e9rieur Utilis\u00e9e en support de m\u00e9ditation, la Fleur de Vie aide \u00e0 se recentrer, \u00e0 apaiser le mental et \u00e0 renforcer sa connexion spirituelle. Fixe-la quelques instants pour ressentir ses effets apaisants et inspirants. \u00a0Protection et \u00e9quilibre personnel Glisse une plaque sous ton oreiller, sur ta table de chevet ou m\u00eame sous ton si\u00e8ge pour b\u00e9n\u00e9ficier en permanence de son influence bienfaisante. Elle favorise un sommeil r\u00e9parateur, l\u2019ancrage et la stabilit\u00e9 \u00e9motionnelle. 10cm:5\u20ac\u00a0 \u00a020cm:10\u20ac\u00a0 \u00a030cm:15\u20ac Disponible en trois tailles selon tes besoins Que ce soit pour dynamiser ton eau, purifier tes pierres ou harmoniser ton espace, mes plaques Fleur de Vie sont disponibles en trois diam\u00e8tres : petit, moyen et grand. \u00c0 toi de choisir celle qui accompagnera ton quotidien ! La fleur de vie: Un Symbole Ancien au C\u0153ur du Vivant\u00a0","og_url":"https:\/\/mieux-etre-dk.com\/index.php\/fleur-de-vie-2\/","og_site_name":"MIEUX-\u00caTRE-DK","article_publisher":"https:\/\/www.facebook.com\/MieuxEtreDK","article_modified_time":"2025-02-04T00:20:10+00:00","og_image":[{"url":"https:\/\/mieux-etre-dk.com\/wp-content\/uploads\/2025\/02\/476415023_605582115767948_1033118219271171074_n-300x300.jpg","type":"","width":"","height":""}],"twitter_card":"summary_large_image","twitter_misc":{"Dur\u00e9e de lecture estim\u00e9e":"2 minutes"},"schema":{"@context":"https:\/\/schema.org","@graph":[{"@type":"WebPage","@id":"https:\/\/mieux-etre-dk.com\/index.php\/fleur-de-vie-2\/","url":"https:\/\/mieux-etre-dk.com\/index.php\/fleur-de-vie-2\/","name":"Fleur de vie - MIEUX-\u00caTRE-DK","isPartOf":{"@id":"https:\/\/mieux-etre-dk.com\/#website"},"primaryImageOfPage":{"@id":"https:\/\/mieux-etre-dk.com\/index.php\/fleur-de-vie-2\/#primaryimage"},"image":{"@id":"https:\/\/mieux-etre-dk.com\/index.php\/fleur-de-vie-2\/#primaryimage"},"thumbnailUrl":"https:\/\/mieux-etre-dk.com\/wp-content\/uploads\/2025\/02\/476415023_605582115767948_1033118219271171074_n-300x300.jpg","datePublished":"2021-02-24T18:56:27+00:00","dateModified":"2025-02-04T00:20:10+00:00","breadcrumb":{"@id":"https:\/\/mieux-etre-dk.com\/index.php\/fleur-de-vie-2\/#breadcrumb"},"inLanguage":"fr-FR","potentialAction":[{"@type":"ReadAction","target":["https:\/\/mieux-etre-dk.com\/index.php\/fleur-de-vie-2\/"]}]},{"@type":"ImageObject","inLanguage":"fr-FR","@id":"https:\/\/mieux-etre-dk.com\/index.php\/fleur-de-vie-2\/#primaryimage","url":"https:\/\/mieux-etre-dk.com\/wp-content\/uploads\/2025\/02\/476415023_605582115767948_1033118219271171074_n.jpg","contentUrl":"https:\/\/mieux-etre-dk.com\/wp-content\/uploads\/2025\/02\/476415023_605582115767948_1033118219271171074_n.jpg","width":1024,"height":1024},{"@type":"BreadcrumbList","@id":"https:\/\/mieux-etre-dk.com\/index.php\/fleur-de-vie-2\/#breadcrumb","itemListElement":[{"@type":"ListItem","position":1,"name":"Accueil","item":"https:\/\/mieux-etre-dk.com\/"},{"@type":"ListItem","position":2,"name":"Fleur de vie"}]},{"@type":"WebSite","@id":"https:\/\/mieux-etre-dk.com\/#website","url":"https:\/\/mieux-etre-dk.com\/","name":"MIEUX-\u00caTRE-DK","description":"Au-del\u00e0 du bien-\u00eatre","publisher":{"@id":"https:\/\/mieux-etre-dk.com\/#organization"},"potentialAction":[{"@type":"SearchAction","target":{"@type":"EntryPoint","urlTemplate":"https:\/\/mieux-etre-dk.com\/?s={search_term_string}"},"query-input":{"@type":"PropertyValueSpecification","valueRequired":true,"valueName":"search_term_string"}}],"inLanguage":"fr-FR"},{"@type":"Organization","@id":"https:\/\/mieux-etre-dk.com\/#organization","name":"mieux-etre-dk","url":"https:\/\/mieux-etre-dk.com\/","logo":{"@type":"ImageObject","inLanguage":"fr-FR","@id":"https:\/\/mieux-etre-dk.com\/#\/schema\/logo\/image\/","url":"https:\/\/mieux-etre-dk.com\/wp-content\/uploads\/2019\/06\/logo-mieux-\u00eatre-dk-massage-relaxation-detente-personnalis\u00e9-refelexologie-plantaire-lacher-prise-d\u00e9contractant-dunkerque.png","contentUrl":"https:\/\/mieux-etre-dk.com\/wp-content\/uploads\/2019\/06\/logo-mieux-\u00eatre-dk-massage-relaxation-detente-personnalis\u00e9-refelexologie-plantaire-lacher-prise-d\u00e9contractant-dunkerque.png","width":500,"height":500,"caption":"mieux-etre-dk"},"image":{"@id":"https:\/\/mieux-etre-dk.com\/#\/schema\/logo\/image\/"},"sameAs":["https:\/\/www.facebook.com\/MieuxEtreDK","https:\/\/www.instagram.com\/mieuxetredk\/"]}]}},"_links":{"self":[{"href":"https:\/\/mieux-etre-dk.com\/index.php\/wp-json\/wp\/v2\/pages\/4120","targetHints":{"allow":["GET"]}}],"collection":[{"href":"https:\/\/mieux-etre-dk.com\/index.php\/wp-json\/wp\/v2\/pages"}],"about":[{"href":"https:\/\/mieux-etre-dk.com\/index.php\/wp-json\/wp\/v2\/types\/page"}],"author":[{"embeddable":true,"href":"https:\/\/mieux-etre-dk.com\/index.php\/wp-json\/wp\/v2\/users\/1"}],"replies":[{"embeddable":true,"href":"https:\/\/mieux-etre-dk.com\/index.php\/wp-json\/wp\/v2\/comments?post=4120"}],"version-history":[{"count":20,"href":"https:\/\/mieux-etre-dk.com\/index.php\/wp-json\/wp\/v2\/pages\/4120\/revisions"}],"predecessor-version":[{"id":5318,"href":"https:\/\/mieux-etre-dk.com\/index.php\/wp-json\/wp\/v2\/pages\/4120\/revisions\/5318"}],"wp:attachment":[{"href":"https:\/\/mieux-etre-dk.com\/index.php\/wp-json\/wp\/v2\/media?parent=4120"}],"curies":[{"name":"wp","href":"https:\/\/api.w.org\/{rel}","templated":true}]}}