{"id":5198,"date":"2025-01-17T14:44:37","date_gmt":"2025-01-17T13:44:37","guid":{"rendered":"https:\/\/mieux-etre-dk.com\/?page_id=5198"},"modified":"2025-09-03T19:48:07","modified_gmt":"2025-09-03T17:48:07","slug":"massage-personnalise-et-pierres-chaudes","status":"publish","type":"page","link":"https:\/\/mieux-etre-dk.com\/index.php\/massage-personnalise-et-pierres-chaudes\/","title":{"rendered":"Massage personnalis\u00e9 &#038; pierres chaudes"},"content":{"rendered":"<p><a href=\"https:\/\/mieux-etre-dk.com\/index.php\/massage-aux-pierres-chaudes-detente-profonde-et-regeneration\/473102647_1116492830114212_1759923542415889928_n\/\" rel=\"attachment wp-att-5199\"><img loading=\"lazy\" decoding=\"async\" class=\"aligncenter size-medium wp-image-5199\" src=\"https:\/\/mieux-etre-dk.com\/wp-content\/uploads\/2025\/01\/473102647_1116492830114212_1759923542415889928_n-300x214.jpg\" alt=\"\" width=\"300\" height=\"214\" srcset=\"https:\/\/mieux-etre-dk.com\/wp-content\/uploads\/2025\/01\/473102647_1116492830114212_1759923542415889928_n-300x214.jpg 300w, https:\/\/mieux-etre-dk.com\/wp-content\/uploads\/2025\/01\/473102647_1116492830114212_1759923542415889928_n.jpg 503w\" sizes=\"auto, (max-width: 300px) 100vw, 300px\" \/><\/a><\/p>\n<table style=\"border-collapse: collapse; width: 100%;\">\n<tbody>\n<tr>\n<td style=\"width: 100%;\">\n<h3>\u00a0Quand la chaleur et le toucher s\u2019unissent<\/h3>\n<p>Ce soin associe la puissance d\u2019un massage personnalis\u00e9 aux huiles et la douceur r\u00e9confortante des pierres chaudes basaltiques.<\/p>\n<p>La s\u00e9ance d\u00e9bute par la chaleur des pierres, pos\u00e9es sur des points pr\u00e9cis du corps. Leur rayonnement profond agit comme un baume, d\u00e9nouant les tensions accumul\u00e9es et favorisant un rel\u00e2chement imm\u00e9diat.<\/p>\n<p>Le massage personnalis\u00e9 prend ensuite le relais : enveloppant, fluide ou plus appuy\u00e9 selon vos besoins, il vient travailler en profondeur tout en accompagnant la chaleur diffuse des pierres.<\/p>\n<p>Cette synergie cr\u00e9e une sensation unique, entre force et douceur, chaleur et fluidit\u00e9.<\/p>\n<p><a href=\"https:\/\/mieux-etre-dk.com\/index.php\/massage-aux-pierres-chaudes-detente-profonde-et-regeneration\/473185994_606339125436625_6497233828276229258_n\/\" rel=\"attachment wp-att-5201\"><img loading=\"lazy\" decoding=\"async\" class=\"aligncenter size-medium wp-image-5201\" src=\"https:\/\/mieux-etre-dk.com\/wp-content\/uploads\/2025\/01\/473185994_606339125436625_6497233828276229258_n-229x300.jpg\" alt=\"\" width=\"229\" height=\"300\" srcset=\"https:\/\/mieux-etre-dk.com\/wp-content\/uploads\/2025\/01\/473185994_606339125436625_6497233828276229258_n-229x300.jpg 229w, https:\/\/mieux-etre-dk.com\/wp-content\/uploads\/2025\/01\/473185994_606339125436625_6497233828276229258_n.jpg 274w\" sizes=\"auto, (max-width: 229px) 100vw, 229px\" \/><\/a><\/p>\n<h3>Les bienfaits sur diff\u00e9rents plans<\/h3>\n<h5>Sur le corps<\/h5>\n<p>D\u00e9tend les muscles en profondeur gr\u00e2ce \u00e0 la chaleur des pierres<\/p>\n<p>Soulage les tensions chroniques et les raideurs articulaires<\/p>\n<p>Active la circulation sanguine et lymphatique<\/p>\n<p>Favorise une meilleure r\u00e9cup\u00e9ration physique<\/p>\n<h5>Sur l\u2019esprit<\/h5>\n<p>Apaise le stress et les surcharges mentales<\/p>\n<p>Invite \u00e0 une d\u00e9tente compl\u00e8te, proche d\u2019un \u00e9tat m\u00e9ditatif<\/p>\n<p>Favorise un sommeil profond et r\u00e9parateur<\/p>\n<h5>Sur l\u2019\u00e9nergie<\/h5>\n<p>Les pierres basaltiques, charg\u00e9es par la chaleur, apportent une sensation d\u2019ancrage et de stabilit\u00e9<\/p>\n<p>Harmonisent les \u00e9nergies int\u00e9rieures<\/p>\n<p>Permettent de se reconnecter \u00e0 son corps et \u00e0 la Terre<\/p>\n<p><a href=\"https:\/\/mieux-etre-dk.com\/index.php\/massage-aux-pierres-chaudes-detente-profonde-et-regeneration\/img20100101063111\/\" rel=\"attachment wp-att-5529\"><img loading=\"lazy\" decoding=\"async\" class=\"aligncenter size-medium wp-image-5529\" src=\"https:\/\/mieux-etre-dk.com\/wp-content\/uploads\/2025\/09\/IMG20100101063111-300x300.jpg\" alt=\"\" width=\"300\" height=\"300\" srcset=\"https:\/\/mieux-etre-dk.com\/wp-content\/uploads\/2025\/09\/IMG20100101063111-300x300.jpg 300w, https:\/\/mieux-etre-dk.com\/wp-content\/uploads\/2025\/09\/IMG20100101063111-1024x1024.jpg 1024w, https:\/\/mieux-etre-dk.com\/wp-content\/uploads\/2025\/09\/IMG20100101063111-150x150.jpg 150w, https:\/\/mieux-etre-dk.com\/wp-content\/uploads\/2025\/09\/IMG20100101063111-768x768.jpg 768w, https:\/\/mieux-etre-dk.com\/wp-content\/uploads\/2025\/09\/IMG20100101063111-1536x1536.jpg 1536w, https:\/\/mieux-etre-dk.com\/wp-content\/uploads\/2025\/09\/IMG20100101063111-2048x2048.jpg 2048w, https:\/\/mieux-etre-dk.com\/wp-content\/uploads\/2025\/09\/IMG20100101063111-1140x1140.jpg 1140w, https:\/\/mieux-etre-dk.com\/wp-content\/uploads\/2025\/09\/IMG20100101063111-75x75.jpg 75w\" sizes=\"auto, (max-width: 300px) 100vw, 300px\" \/><\/a><\/p>\n<h3>Une exp\u00e9rience d\u2019ancrage et de r\u00e9confort<\/h3>\n<p>Ce massage est une v\u00e9ritable invitation au l\u00e2cher-prise. La chaleur enveloppante des pierres procure une sensation de cocon, tandis que les gestes personnalis\u00e9s apportent une r\u00e9ponse sur mesure \u00e0 vos besoins.<\/p>\n<p>Vous ressortez profond\u00e9ment d\u00e9tendu(e), align\u00e9(e), et ancr\u00e9(e), avec la sensation d\u2019avoir recharg\u00e9 vos batteries.<\/p>\n<p>Un soin id\u00e9al pour l\u2019automne et l\u2019hiver, ou pour toute personne cherchant un moment de douceur profonde et d\u2019\u00e9quilibre int\u00e9rieur.<\/td>\n<\/tr>\n<\/tbody>\n<\/table>\n","protected":false},"excerpt":{"rendered":"<p>\u00a0Quand la chaleur et le toucher s\u2019unissent Ce soin associe la puissance d\u2019un massage personnalis\u00e9 aux huiles et la douceur r\u00e9confortante des pierres chaudes basaltiques. La s\u00e9ance d\u00e9bute par la chaleur des pierres, pos\u00e9es sur des points pr\u00e9cis du corps. Leur rayonnement profond agit comme un baume, d\u00e9nouant les tensions accumul\u00e9es et favorisant un rel\u00e2chement imm\u00e9diat. Le massage personnalis\u00e9 prend ensuite le relais : enveloppant, fluide ou plus appuy\u00e9 selon vos besoins, il vient travailler en profondeur tout en accompagnant la chaleur diffuse des pierres. Cette synergie cr\u00e9e une sensation unique, entre force et douceur, chaleur et fluidit\u00e9. Les bienfaits sur diff\u00e9rents plans Sur le corps D\u00e9tend les muscles en profondeur gr\u00e2ce \u00e0 la chaleur des pierres Soulage les tensions chroniques et les raideurs articulaires Active la circulation sanguine et lymphatique Favorise une meilleure r\u00e9cup\u00e9ration physique Sur l\u2019esprit Apaise le stress et les surcharges mentales Invite \u00e0 une d\u00e9tente compl\u00e8te, proche d\u2019un \u00e9tat m\u00e9ditatif Favorise un sommeil profond et r\u00e9parateur Sur l\u2019\u00e9nergie Les pierres basaltiques, charg\u00e9es par la chaleur, apportent une sensation d\u2019ancrage et de stabilit\u00e9 Harmonisent les \u00e9nergies int\u00e9rieures Permettent de se reconnecter \u00e0 son corps et \u00e0 la Terre Une exp\u00e9rience d\u2019ancrage et de r\u00e9confort Ce massage est une v\u00e9ritable invitation au l\u00e2cher-prise. La chaleur enveloppante des pierres procure une sensation de cocon, tandis que les gestes personnalis\u00e9s apportent une r\u00e9ponse sur mesure \u00e0 vos besoins. Vous ressortez profond\u00e9ment d\u00e9tendu(e), align\u00e9(e), et ancr\u00e9(e), avec la sensation d\u2019avoir recharg\u00e9 vos batteries. Un soin id\u00e9al pour l\u2019automne et l\u2019hiver, ou pour toute personne cherchant un moment de douceur profonde et d\u2019\u00e9quilibre int\u00e9rieur.<\/p>\n","protected":false},"author":1,"featured_media":0,"parent":0,"menu_order":0,"comment_status":"closed","ping_status":"closed","template":"","meta":{"footnotes":""},"class_list":["post-5198","page","type-page","status-publish","hentry"],"yoast_head":"<!-- This site is optimized with the Yoast SEO plugin v26.5 - https:\/\/yoast.com\/wordpress\/plugins\/seo\/ -->\n<title>Massage personnalis\u00e9 &amp; pierres chaudes - MIEUX-\u00caTRE-DK<\/title>\n<meta name=\"description\" content=\"Massage personnalis\u00e9 aux pierres chaudes \u00e0 Dunkerque : chaleur r\u00e9confortante, d\u00e9tente profonde et ancrage \u00e9nerg\u00e9tique.\" \/>\n<meta name=\"robots\" content=\"index, follow, max-snippet:-1, max-image-preview:large, max-video-preview:-1\" \/>\n<link rel=\"canonical\" href=\"https:\/\/mieux-etre-dk.com\/index.php\/massage-personnalise-et-pierres-chaudes\/\" \/>\n<meta property=\"og:locale\" content=\"fr_FR\" \/>\n<meta property=\"og:type\" content=\"article\" \/>\n<meta property=\"og:title\" content=\"Massage personnalis\u00e9 &amp; pierres chaudes - MIEUX-\u00caTRE-DK\" \/>\n<meta property=\"og:description\" content=\"Massage personnalis\u00e9 aux pierres chaudes \u00e0 Dunkerque : chaleur r\u00e9confortante, d\u00e9tente profonde et ancrage \u00e9nerg\u00e9tique.\" \/>\n<meta property=\"og:url\" content=\"https:\/\/mieux-etre-dk.com\/index.php\/massage-personnalise-et-pierres-chaudes\/\" \/>\n<meta property=\"og:site_name\" content=\"MIEUX-\u00caTRE-DK\" \/>\n<meta property=\"article:publisher\" content=\"https:\/\/www.facebook.com\/MieuxEtreDK\" \/>\n<meta property=\"article:modified_time\" content=\"2025-09-03T17:48:07+00:00\" \/>\n<meta property=\"og:image\" content=\"https:\/\/mieux-etre-dk.com\/wp-content\/uploads\/2025\/01\/473102647_1116492830114212_1759923542415889928_n.jpg\" \/>\n\t<meta property=\"og:image:width\" content=\"503\" \/>\n\t<meta property=\"og:image:height\" content=\"358\" \/>\n\t<meta property=\"og:image:type\" content=\"image\/jpeg\" \/>\n<meta name=\"twitter:card\" content=\"summary_large_image\" \/>\n<meta name=\"twitter:label1\" content=\"Dur\u00e9e de lecture estim\u00e9e\" \/>\n\t<meta name=\"twitter:data1\" content=\"2 minutes\" \/>\n<script type=\"application\/ld+json\" class=\"yoast-schema-graph\">{\"@context\":\"https:\/\/schema.org\",\"@graph\":[{\"@type\":\"WebPage\",\"@id\":\"https:\/\/mieux-etre-dk.com\/index.php\/massage-personnalise-et-pierres-chaudes\/\",\"url\":\"https:\/\/mieux-etre-dk.com\/index.php\/massage-personnalise-et-pierres-chaudes\/\",\"name\":\"Massage personnalis\u00e9 & pierres chaudes - MIEUX-\u00caTRE-DK\",\"isPartOf\":{\"@id\":\"https:\/\/mieux-etre-dk.com\/#website\"},\"primaryImageOfPage\":{\"@id\":\"https:\/\/mieux-etre-dk.com\/index.php\/massage-personnalise-et-pierres-chaudes\/#primaryimage\"},\"image\":{\"@id\":\"https:\/\/mieux-etre-dk.com\/index.php\/massage-personnalise-et-pierres-chaudes\/#primaryimage\"},\"thumbnailUrl\":\"https:\/\/mieux-etre-dk.com\/wp-content\/uploads\/2025\/01\/473102647_1116492830114212_1759923542415889928_n-300x214.jpg\",\"datePublished\":\"2025-01-17T13:44:37+00:00\",\"dateModified\":\"2025-09-03T17:48:07+00:00\",\"description\":\"Massage personnalis\u00e9 aux pierres chaudes \u00e0 Dunkerque : chaleur r\u00e9confortante, d\u00e9tente profonde et ancrage \u00e9nerg\u00e9tique.\",\"breadcrumb\":{\"@id\":\"https:\/\/mieux-etre-dk.com\/index.php\/massage-personnalise-et-pierres-chaudes\/#breadcrumb\"},\"inLanguage\":\"fr-FR\",\"potentialAction\":[{\"@type\":\"ReadAction\",\"target\":[\"https:\/\/mieux-etre-dk.com\/index.php\/massage-personnalise-et-pierres-chaudes\/\"]}]},{\"@type\":\"ImageObject\",\"inLanguage\":\"fr-FR\",\"@id\":\"https:\/\/mieux-etre-dk.com\/index.php\/massage-personnalise-et-pierres-chaudes\/#primaryimage\",\"url\":\"https:\/\/mieux-etre-dk.com\/wp-content\/uploads\/2025\/01\/473102647_1116492830114212_1759923542415889928_n.jpg\",\"contentUrl\":\"https:\/\/mieux-etre-dk.com\/wp-content\/uploads\/2025\/01\/473102647_1116492830114212_1759923542415889928_n.jpg\",\"width\":503,\"height\":358},{\"@type\":\"BreadcrumbList\",\"@id\":\"https:\/\/mieux-etre-dk.com\/index.php\/massage-personnalise-et-pierres-chaudes\/#breadcrumb\",\"itemListElement\":[{\"@type\":\"ListItem\",\"position\":1,\"name\":\"Accueil\",\"item\":\"https:\/\/mieux-etre-dk.com\/\"},{\"@type\":\"ListItem\",\"position\":2,\"name\":\"Massage personnalis\u00e9 &#038; pierres chaudes\"}]},{\"@type\":\"WebSite\",\"@id\":\"https:\/\/mieux-etre-dk.com\/#website\",\"url\":\"https:\/\/mieux-etre-dk.com\/\",\"name\":\"MIEUX-\u00caTRE-DK\",\"description\":\"Au-del\u00e0 du bien-\u00eatre\",\"publisher\":{\"@id\":\"https:\/\/mieux-etre-dk.com\/#organization\"},\"potentialAction\":[{\"@type\":\"SearchAction\",\"target\":{\"@type\":\"EntryPoint\",\"urlTemplate\":\"https:\/\/mieux-etre-dk.com\/?s={search_term_string}\"},\"query-input\":{\"@type\":\"PropertyValueSpecification\",\"valueRequired\":true,\"valueName\":\"search_term_string\"}}],\"inLanguage\":\"fr-FR\"},{\"@type\":\"Organization\",\"@id\":\"https:\/\/mieux-etre-dk.com\/#organization\",\"name\":\"mieux-etre-dk\",\"url\":\"https:\/\/mieux-etre-dk.com\/\",\"logo\":{\"@type\":\"ImageObject\",\"inLanguage\":\"fr-FR\",\"@id\":\"https:\/\/mieux-etre-dk.com\/#\/schema\/logo\/image\/\",\"url\":\"https:\/\/mieux-etre-dk.com\/wp-content\/uploads\/2019\/06\/logo-mieux-\u00eatre-dk-massage-relaxation-detente-personnalis\u00e9-refelexologie-plantaire-lacher-prise-d\u00e9contractant-dunkerque.png\",\"contentUrl\":\"https:\/\/mieux-etre-dk.com\/wp-content\/uploads\/2019\/06\/logo-mieux-\u00eatre-dk-massage-relaxation-detente-personnalis\u00e9-refelexologie-plantaire-lacher-prise-d\u00e9contractant-dunkerque.png\",\"width\":500,\"height\":500,\"caption\":\"mieux-etre-dk\"},\"image\":{\"@id\":\"https:\/\/mieux-etre-dk.com\/#\/schema\/logo\/image\/\"},\"sameAs\":[\"https:\/\/www.facebook.com\/MieuxEtreDK\",\"https:\/\/www.instagram.com\/mieuxetredk\/\"]}]}<\/script>\n<!-- \/ Yoast SEO plugin. -->","yoast_head_json":{"title":"Massage personnalis\u00e9 & pierres chaudes - MIEUX-\u00caTRE-DK","description":"Massage personnalis\u00e9 aux pierres chaudes \u00e0 Dunkerque : chaleur r\u00e9confortante, d\u00e9tente profonde et ancrage \u00e9nerg\u00e9tique.","robots":{"index":"index","follow":"follow","max-snippet":"max-snippet:-1","max-image-preview":"max-image-preview:large","max-video-preview":"max-video-preview:-1"},"canonical":"https:\/\/mieux-etre-dk.com\/index.php\/massage-personnalise-et-pierres-chaudes\/","og_locale":"fr_FR","og_type":"article","og_title":"Massage personnalis\u00e9 & pierres chaudes - MIEUX-\u00caTRE-DK","og_description":"Massage personnalis\u00e9 aux pierres chaudes \u00e0 Dunkerque : chaleur r\u00e9confortante, d\u00e9tente profonde et ancrage \u00e9nerg\u00e9tique.","og_url":"https:\/\/mieux-etre-dk.com\/index.php\/massage-personnalise-et-pierres-chaudes\/","og_site_name":"MIEUX-\u00caTRE-DK","article_publisher":"https:\/\/www.facebook.com\/MieuxEtreDK","article_modified_time":"2025-09-03T17:48:07+00:00","og_image":[{"width":503,"height":358,"url":"https:\/\/mieux-etre-dk.com\/wp-content\/uploads\/2025\/01\/473102647_1116492830114212_1759923542415889928_n.jpg","type":"image\/jpeg"}],"twitter_card":"summary_large_image","twitter_misc":{"Dur\u00e9e de lecture estim\u00e9e":"2 minutes"},"schema":{"@context":"https:\/\/schema.org","@graph":[{"@type":"WebPage","@id":"https:\/\/mieux-etre-dk.com\/index.php\/massage-personnalise-et-pierres-chaudes\/","url":"https:\/\/mieux-etre-dk.com\/index.php\/massage-personnalise-et-pierres-chaudes\/","name":"Massage personnalis\u00e9 & pierres chaudes - MIEUX-\u00caTRE-DK","isPartOf":{"@id":"https:\/\/mieux-etre-dk.com\/#website"},"primaryImageOfPage":{"@id":"https:\/\/mieux-etre-dk.com\/index.php\/massage-personnalise-et-pierres-chaudes\/#primaryimage"},"image":{"@id":"https:\/\/mieux-etre-dk.com\/index.php\/massage-personnalise-et-pierres-chaudes\/#primaryimage"},"thumbnailUrl":"https:\/\/mieux-etre-dk.com\/wp-content\/uploads\/2025\/01\/473102647_1116492830114212_1759923542415889928_n-300x214.jpg","datePublished":"2025-01-17T13:44:37+00:00","dateModified":"2025-09-03T17:48:07+00:00","description":"Massage personnalis\u00e9 aux pierres chaudes \u00e0 Dunkerque : chaleur r\u00e9confortante, d\u00e9tente profonde et ancrage \u00e9nerg\u00e9tique.","breadcrumb":{"@id":"https:\/\/mieux-etre-dk.com\/index.php\/massage-personnalise-et-pierres-chaudes\/#breadcrumb"},"inLanguage":"fr-FR","potentialAction":[{"@type":"ReadAction","target":["https:\/\/mieux-etre-dk.com\/index.php\/massage-personnalise-et-pierres-chaudes\/"]}]},{"@type":"ImageObject","inLanguage":"fr-FR","@id":"https:\/\/mieux-etre-dk.com\/index.php\/massage-personnalise-et-pierres-chaudes\/#primaryimage","url":"https:\/\/mieux-etre-dk.com\/wp-content\/uploads\/2025\/01\/473102647_1116492830114212_1759923542415889928_n.jpg","contentUrl":"https:\/\/mieux-etre-dk.com\/wp-content\/uploads\/2025\/01\/473102647_1116492830114212_1759923542415889928_n.jpg","width":503,"height":358},{"@type":"BreadcrumbList","@id":"https:\/\/mieux-etre-dk.com\/index.php\/massage-personnalise-et-pierres-chaudes\/#breadcrumb","itemListElement":[{"@type":"ListItem","position":1,"name":"Accueil","item":"https:\/\/mieux-etre-dk.com\/"},{"@type":"ListItem","position":2,"name":"Massage personnalis\u00e9 &#038; pierres chaudes"}]},{"@type":"WebSite","@id":"https:\/\/mieux-etre-dk.com\/#website","url":"https:\/\/mieux-etre-dk.com\/","name":"MIEUX-\u00caTRE-DK","description":"Au-del\u00e0 du bien-\u00eatre","publisher":{"@id":"https:\/\/mieux-etre-dk.com\/#organization"},"potentialAction":[{"@type":"SearchAction","target":{"@type":"EntryPoint","urlTemplate":"https:\/\/mieux-etre-dk.com\/?s={search_term_string}"},"query-input":{"@type":"PropertyValueSpecification","valueRequired":true,"valueName":"search_term_string"}}],"inLanguage":"fr-FR"},{"@type":"Organization","@id":"https:\/\/mieux-etre-dk.com\/#organization","name":"mieux-etre-dk","url":"https:\/\/mieux-etre-dk.com\/","logo":{"@type":"ImageObject","inLanguage":"fr-FR","@id":"https:\/\/mieux-etre-dk.com\/#\/schema\/logo\/image\/","url":"https:\/\/mieux-etre-dk.com\/wp-content\/uploads\/2019\/06\/logo-mieux-\u00eatre-dk-massage-relaxation-detente-personnalis\u00e9-refelexologie-plantaire-lacher-prise-d\u00e9contractant-dunkerque.png","contentUrl":"https:\/\/mieux-etre-dk.com\/wp-content\/uploads\/2019\/06\/logo-mieux-\u00eatre-dk-massage-relaxation-detente-personnalis\u00e9-refelexologie-plantaire-lacher-prise-d\u00e9contractant-dunkerque.png","width":500,"height":500,"caption":"mieux-etre-dk"},"image":{"@id":"https:\/\/mieux-etre-dk.com\/#\/schema\/logo\/image\/"},"sameAs":["https:\/\/www.facebook.com\/MieuxEtreDK","https:\/\/www.instagram.com\/mieuxetredk\/"]}]}},"_links":{"self":[{"href":"https:\/\/mieux-etre-dk.com\/index.php\/wp-json\/wp\/v2\/pages\/5198","targetHints":{"allow":["GET"]}}],"collection":[{"href":"https:\/\/mieux-etre-dk.com\/index.php\/wp-json\/wp\/v2\/pages"}],"about":[{"href":"https:\/\/mieux-etre-dk.com\/index.php\/wp-json\/wp\/v2\/types\/page"}],"author":[{"embeddable":true,"href":"https:\/\/mieux-etre-dk.com\/index.php\/wp-json\/wp\/v2\/users\/1"}],"replies":[{"embeddable":true,"href":"https:\/\/mieux-etre-dk.com\/index.php\/wp-json\/wp\/v2\/comments?post=5198"}],"version-history":[{"count":4,"href":"https:\/\/mieux-etre-dk.com\/index.php\/wp-json\/wp\/v2\/pages\/5198\/revisions"}],"predecessor-version":[{"id":5530,"href":"https:\/\/mieux-etre-dk.com\/index.php\/wp-json\/wp\/v2\/pages\/5198\/revisions\/5530"}],"wp:attachment":[{"href":"https:\/\/mieux-etre-dk.com\/index.php\/wp-json\/wp\/v2\/media?parent=5198"}],"curies":[{"name":"wp","href":"https:\/\/api.w.org\/{rel}","templated":true}]}}