{"id":5636,"date":"2025-12-03T15:42:31","date_gmt":"2025-12-03T14:42:31","guid":{"rendered":"https:\/\/mieux-etre-dk.com\/?page_id=5636"},"modified":"2026-04-17T22:07:37","modified_gmt":"2026-04-17T20:07:37","slug":"bienvenue-mieux-etre-dunkerque","status":"publish","type":"page","link":"https:\/\/mieux-etre-dk.com\/index.php\/bienvenue-mieux-etre-dunkerque\/","title":{"rendered":"\u00a0Bienvenue"},"content":{"rendered":"<table style=\"border-collapse: collapse; width: 100%;\">\n<tbody>\n<tr>\n<td style=\"width: 100%;\">\n<h1 style=\"text-align: center;\">Chez Mieux-\u00catre<\/h1>\n<p>Un espace doux, authentique et profond\u00e9ment humain, cr\u00e9\u00e9 pour t\u2019accompagner vers plus de relaxation, d\u2019\u00e9panouissement et de reconnexion \u00e0 toi-m\u00eame.<\/p>\n<p>&nbsp;<\/p>\n<h3 style=\"text-align: center;\"><a href=\"https:\/\/mieux-etre-dk.com\/index.php\/qui-suis-je\/\">Qui suis-je ?<\/a><\/h3>\n<p><img loading=\"lazy\" decoding=\"async\" class=\"aligncenter size-medium wp-image-5687\" src=\"https:\/\/mieux-etre-dk.com\/wp-content\/uploads\/2025\/12\/Qui-suis-je-1-300x251.png\" alt=\"\" width=\"300\" height=\"251\" srcset=\"https:\/\/mieux-etre-dk.com\/wp-content\/uploads\/2025\/12\/Qui-suis-je-1-300x251.png 300w, https:\/\/mieux-etre-dk.com\/wp-content\/uploads\/2025\/12\/Qui-suis-je-1-768x644.png 768w, https:\/\/mieux-etre-dk.com\/wp-content\/uploads\/2025\/12\/Qui-suis-je-1.png 940w\" sizes=\"auto, (max-width: 300px) 100vw, 300px\" \/>D\u00e9couvre mon parcours, ma vision et l\u2019essence de mon accompagnement.<\/p>\n<p>&nbsp;<\/p>\n<h3 style=\"text-align: center;\"><a href=\"https:\/\/mieux-etre-dk.com\/index.php\/relaxation-profonde-reconnexion\/\">Massage tantrique <\/a><\/h3>\n<p><a href=\"https:\/\/mieux-etre-dk.com\/index.php\/bienvenue-mieux-etre-dunkerque\/massage-tantrique-2\/\" rel=\"attachment wp-att-5688\"><img loading=\"lazy\" decoding=\"async\" class=\"aligncenter size-medium wp-image-5688\" src=\"https:\/\/mieux-etre-dk.com\/wp-content\/uploads\/2025\/12\/massage-tantrique-300x251.png\" alt=\"\" width=\"300\" height=\"251\" srcset=\"https:\/\/mieux-etre-dk.com\/wp-content\/uploads\/2025\/12\/massage-tantrique-300x251.png 300w, https:\/\/mieux-etre-dk.com\/wp-content\/uploads\/2025\/12\/massage-tantrique-768x644.png 768w, https:\/\/mieux-etre-dk.com\/wp-content\/uploads\/2025\/12\/massage-tantrique.png 940w\" sizes=\"auto, (max-width: 300px) 100vw, 300px\" \/><\/a><br \/>\nUn voyage int\u00e9rieur pour lib\u00e9rer, harmoniser et reconnecter ton \u00e9nergie.<\/p>\n<p><a href=\"https:\/\/mieux-etre-dk.com\/index.php\/massage-tantrique-holistique-femme\/\">Massage tantrique holistique<\/a> ( pour femme)<\/p>\n<p>Un espace doux et sacr\u00e9 pour te recentrer, te r\u00e9\u00e9quilibrer et retrouver ta force int\u00e9rieure.<\/p>\n<p><a href=\"https:\/\/mieux-etre-dk.com\/index.php\/massage-tantrique-ethique-homme\/\">Massage tantrique \u00e9thique<\/a> ( pour homme )<\/p>\n<p>Un accompagnement respectueux pour renouer avec ton corps, apaiser l\u2019esprit et retrouver l\u2019ancrage.<\/p>\n<h3 style=\"text-align: center;\"><a href=\"https:\/\/mieux-etre-dk.com\/index.php\/atelier-tantra-couple\/\">Parcours tantrique pour couples<\/a><\/h3>\n<p><a href=\"https:\/\/mieux-etre-dk.com\/index.php\/prestations-et-tarifs\/avis-1\/\" rel=\"attachment wp-att-5712\"><img loading=\"lazy\" decoding=\"async\" class=\"aligncenter size-medium wp-image-5712\" src=\"https:\/\/mieux-etre-dk.com\/wp-content\/uploads\/2025\/12\/Avis-1-300x251.png\" alt=\"\" width=\"300\" height=\"251\" srcset=\"https:\/\/mieux-etre-dk.com\/wp-content\/uploads\/2025\/12\/Avis-1-300x251.png 300w, https:\/\/mieux-etre-dk.com\/wp-content\/uploads\/2025\/12\/Avis-1-768x644.png 768w, https:\/\/mieux-etre-dk.com\/wp-content\/uploads\/2025\/12\/Avis-1.png 940w\" sizes=\"auto, (max-width: 300px) 100vw, 300px\" \/><\/a><\/p>\n<p>Un chemin progressif pour les couples, en 4 ateliers, afin de : se reconnecter \u00e0 soi et \u00e0 l\u2019autre explorer le consentement et la pr\u00e9sence vivre une intimit\u00e9 plus consciente d\u00e9couvrir le toucher et le massage tantrique dans un cadre s\u00e9curisant et respectueux<\/p>\n<p>&nbsp;<\/p>\n<h3 style=\"text-align: center;\"><a href=\"https:\/\/mieux-etre-dk.com\/index.php\/parcours-transformation-feminine\/\">Parcours transformation f\u00e9minine<\/a><\/h3>\n<h3><a href=\"https:\/\/mieux-etre-dk.com\/index.php\/parcours-transformation-feminine\/11b08dba-948c-4cc8-b70d-69989611616d\/\" rel=\"attachment wp-att-5828\"><img loading=\"lazy\" decoding=\"async\" class=\"aligncenter size-medium wp-image-5828\" src=\"https:\/\/mieux-etre-dk.com\/wp-content\/uploads\/2026\/04\/11b08dba-948c-4cc8-b70d-69989611616d-274x300.jpg\" alt=\"\" width=\"274\" height=\"300\" srcset=\"https:\/\/mieux-etre-dk.com\/wp-content\/uploads\/2026\/04\/11b08dba-948c-4cc8-b70d-69989611616d-274x300.jpg 274w, https:\/\/mieux-etre-dk.com\/wp-content\/uploads\/2026\/04\/11b08dba-948c-4cc8-b70d-69989611616d-936x1024.jpg 936w, https:\/\/mieux-etre-dk.com\/wp-content\/uploads\/2026\/04\/11b08dba-948c-4cc8-b70d-69989611616d-768x840.jpg 768w, https:\/\/mieux-etre-dk.com\/wp-content\/uploads\/2026\/04\/11b08dba-948c-4cc8-b70d-69989611616d-1140x1247.jpg 1140w, https:\/\/mieux-etre-dk.com\/wp-content\/uploads\/2026\/04\/11b08dba-948c-4cc8-b70d-69989611616d.jpg 1199w\" sizes=\"auto, (max-width: 274px) 100vw, 274px\" \/><\/a><\/h3>\n<p>Accompagnement f\u00e9minin pour revenir \u00e0 ton corps, apaiser tes \u00e9motions et t\u2019ouvrir en douceur \u00e0 ton \u00e9nergie f\u00e9minine<\/p>\n<h3 style=\"text-align: center;\"><a href=\"https:\/\/mieux-etre-dk.com\/index.php\/prestations-et-tarifs\/\">Tarifs et Ch\u00e8ques cadeaux <\/a><\/h3>\n<p><a href=\"https:\/\/mieux-etre-dk.com\/index.php\/bienvenue-mieux-etre-dunkerque\/cheque-cadeau\/\" rel=\"attachment wp-att-5690\"><img loading=\"lazy\" decoding=\"async\" class=\"aligncenter size-medium wp-image-5690\" src=\"https:\/\/mieux-etre-dk.com\/wp-content\/uploads\/2025\/12\/cheque-cadeau-300x251.png\" alt=\"\" width=\"300\" height=\"251\" srcset=\"https:\/\/mieux-etre-dk.com\/wp-content\/uploads\/2025\/12\/cheque-cadeau-300x251.png 300w, https:\/\/mieux-etre-dk.com\/wp-content\/uploads\/2025\/12\/cheque-cadeau-768x644.png 768w, https:\/\/mieux-etre-dk.com\/wp-content\/uploads\/2025\/12\/cheque-cadeau.png 940w\" sizes=\"auto, (max-width: 300px) 100vw, 300px\" \/><\/a><br \/>\nOffre un instant de d\u00e9tente et de transformation \u00e0 quelqu\u2019un que tu aimes.<\/p>\n<p>&nbsp;<\/p>\n<h3 style=\"text-align: center;\"><a href=\"https:\/\/mieux-etre-dk.com\/index.php\/ma-boutique-mieux-etre\/\">Boutique Mieux-\u00catre <\/a><\/h3>\n<p><a href=\"https:\/\/mieux-etre-dk.com\/index.php\/bienvenue-mieux-etre-dunkerque\/boutique-mieux-etre-1\/\" rel=\"attachment wp-att-5691\"><img loading=\"lazy\" decoding=\"async\" class=\"aligncenter size-medium wp-image-5691\" src=\"https:\/\/mieux-etre-dk.com\/wp-content\/uploads\/2025\/12\/boutique-mieux-etre-1-300x251.png\" alt=\"\" width=\"300\" height=\"251\" srcset=\"https:\/\/mieux-etre-dk.com\/wp-content\/uploads\/2025\/12\/boutique-mieux-etre-1-300x251.png 300w, https:\/\/mieux-etre-dk.com\/wp-content\/uploads\/2025\/12\/boutique-mieux-etre-1-768x644.png 768w, https:\/\/mieux-etre-dk.com\/wp-content\/uploads\/2025\/12\/boutique-mieux-etre-1.png 940w\" sizes=\"auto, (max-width: 300px) 100vw, 300px\" \/><\/a><br \/>\nDes objets bien-\u00eatre choisis avec soin pour accompagner ton chemin int\u00e9rieur.<\/p>\n<p>&nbsp;<\/p>\n<h3 style=\"text-align: center;\"><a href=\"https:\/\/mieux-etre-dk.com\/index.php\/temoignages\/\">T\u00e9moignages<\/a><\/h3>\n<p><a href=\"https:\/\/mieux-etre-dk.com\/index.php\/bienvenue-mieux-etre-dunkerque\/avis\/\" rel=\"attachment wp-att-5692\"><img loading=\"lazy\" decoding=\"async\" class=\"aligncenter size-medium wp-image-5692\" src=\"https:\/\/mieux-etre-dk.com\/wp-content\/uploads\/2025\/12\/Avis-300x251.png\" alt=\"\" width=\"300\" height=\"251\" srcset=\"https:\/\/mieux-etre-dk.com\/wp-content\/uploads\/2025\/12\/Avis-300x251.png 300w, https:\/\/mieux-etre-dk.com\/wp-content\/uploads\/2025\/12\/Avis-768x644.png 768w, https:\/\/mieux-etre-dk.com\/wp-content\/uploads\/2025\/12\/Avis.png 940w\" sizes=\"auto, (max-width: 300px) 100vw, 300px\" \/><\/a><\/p>\n<p>Les ressentis authentiques des personnes que j\u2019ai accompagn\u00e9es.<\/p>\n<p>&nbsp;<\/td>\n<\/tr>\n<\/tbody>\n<\/table>\n","protected":false},"excerpt":{"rendered":"<p>Chez Mieux-\u00catre Un espace doux, authentique et profond\u00e9ment humain, cr\u00e9\u00e9 pour t\u2019accompagner vers plus de relaxation, d\u2019\u00e9panouissement et de reconnexion \u00e0 toi-m\u00eame. &nbsp; Qui suis-je ? D\u00e9couvre mon parcours, ma vision et l\u2019essence de mon accompagnement. &nbsp; Massage tantrique Un voyage int\u00e9rieur pour lib\u00e9rer, harmoniser et reconnecter ton \u00e9nergie. Massage tantrique holistique ( pour femme) Un espace doux et sacr\u00e9 pour te recentrer, te r\u00e9\u00e9quilibrer et retrouver ta force int\u00e9rieure. Massage tantrique \u00e9thique ( pour homme ) Un accompagnement respectueux pour renouer avec ton corps, apaiser l\u2019esprit et retrouver l\u2019ancrage. Parcours tantrique pour couples Un chemin progressif pour les couples, en 4 ateliers, afin de : se reconnecter \u00e0 soi et \u00e0 l\u2019autre explorer le consentement et la pr\u00e9sence vivre une intimit\u00e9 plus consciente d\u00e9couvrir le toucher et le massage tantrique dans un cadre s\u00e9curisant et respectueux &nbsp; Parcours transformation f\u00e9minine Accompagnement f\u00e9minin pour revenir \u00e0 ton corps, apaiser tes \u00e9motions et t\u2019ouvrir en douceur \u00e0 ton \u00e9nergie f\u00e9minine Tarifs et Ch\u00e8ques cadeaux Offre un instant de d\u00e9tente et de transformation \u00e0 quelqu\u2019un que tu aimes. &nbsp; Boutique Mieux-\u00catre Des objets bien-\u00eatre choisis avec soin pour accompagner ton chemin int\u00e9rieur. &nbsp; T\u00e9moignages Les ressentis authentiques des personnes que j\u2019ai accompagn\u00e9es. &nbsp;<\/p>\n","protected":false},"author":1,"featured_media":0,"parent":0,"menu_order":0,"comment_status":"closed","ping_status":"closed","template":"","meta":{"footnotes":""},"class_list":["post-5636","page","type-page","status-publish","hentry"],"yoast_head":"<!-- This site is optimized with the Yoast SEO plugin v26.5 - https:\/\/yoast.com\/wordpress\/plugins\/seo\/ -->\n<title>\u00a0Bienvenue - MIEUX-\u00caTRE-DK<\/title>\n<meta name=\"description\" content=\"Bienvenue chez Mieux-\u00catre : massages tantriques, massage sonore, ateliers de d\u00e9veloppement personnel, boutique mieux-\u00eatre \u00e0 Dunkerque\" \/>\n<meta name=\"robots\" content=\"index, follow, max-snippet:-1, max-image-preview:large, max-video-preview:-1\" \/>\n<link rel=\"canonical\" href=\"https:\/\/mieux-etre-dk.com\/index.php\/bienvenue-mieux-etre-dunkerque\/\" \/>\n<meta property=\"og:locale\" content=\"fr_FR\" \/>\n<meta property=\"og:type\" content=\"article\" \/>\n<meta property=\"og:title\" content=\"\u00a0Bienvenue - MIEUX-\u00caTRE-DK\" \/>\n<meta property=\"og:description\" content=\"Bienvenue chez Mieux-\u00catre : massages tantriques, massage sonore, ateliers de d\u00e9veloppement personnel, boutique mieux-\u00eatre \u00e0 Dunkerque\" \/>\n<meta property=\"og:url\" content=\"https:\/\/mieux-etre-dk.com\/index.php\/bienvenue-mieux-etre-dunkerque\/\" \/>\n<meta property=\"og:site_name\" content=\"MIEUX-\u00caTRE-DK\" \/>\n<meta property=\"article:publisher\" content=\"https:\/\/www.facebook.com\/MieuxEtreDK\" \/>\n<meta property=\"article:modified_time\" content=\"2026-04-17T20:07:37+00:00\" \/>\n<meta property=\"og:image\" content=\"https:\/\/mieux-etre-dk.com\/wp-content\/uploads\/2025\/12\/Qui-suis-je-1.png\" \/>\n\t<meta property=\"og:image:width\" content=\"940\" \/>\n\t<meta property=\"og:image:height\" content=\"788\" \/>\n\t<meta property=\"og:image:type\" content=\"image\/png\" \/>\n<meta name=\"twitter:card\" content=\"summary_large_image\" \/>\n<meta name=\"twitter:label1\" content=\"Dur\u00e9e de lecture estim\u00e9e\" \/>\n\t<meta name=\"twitter:data1\" content=\"3 minutes\" \/>\n<script type=\"application\/ld+json\" class=\"yoast-schema-graph\">{\"@context\":\"https:\/\/schema.org\",\"@graph\":[{\"@type\":\"WebPage\",\"@id\":\"https:\/\/mieux-etre-dk.com\/index.php\/bienvenue-mieux-etre-dunkerque\/\",\"url\":\"https:\/\/mieux-etre-dk.com\/index.php\/bienvenue-mieux-etre-dunkerque\/\",\"name\":\"\u00a0Bienvenue - MIEUX-\u00caTRE-DK\",\"isPartOf\":{\"@id\":\"https:\/\/mieux-etre-dk.com\/#website\"},\"primaryImageOfPage\":{\"@id\":\"https:\/\/mieux-etre-dk.com\/index.php\/bienvenue-mieux-etre-dunkerque\/#primaryimage\"},\"image\":{\"@id\":\"https:\/\/mieux-etre-dk.com\/index.php\/bienvenue-mieux-etre-dunkerque\/#primaryimage\"},\"thumbnailUrl\":\"https:\/\/mieux-etre-dk.com\/wp-content\/uploads\/2025\/12\/Qui-suis-je-1-300x251.png\",\"datePublished\":\"2025-12-03T14:42:31+00:00\",\"dateModified\":\"2026-04-17T20:07:37+00:00\",\"description\":\"Bienvenue chez Mieux-\u00catre : massages tantriques, massage sonore, ateliers de d\u00e9veloppement personnel, boutique mieux-\u00eatre \u00e0 Dunkerque\",\"breadcrumb\":{\"@id\":\"https:\/\/mieux-etre-dk.com\/index.php\/bienvenue-mieux-etre-dunkerque\/#breadcrumb\"},\"inLanguage\":\"fr-FR\",\"potentialAction\":[{\"@type\":\"ReadAction\",\"target\":[\"https:\/\/mieux-etre-dk.com\/index.php\/bienvenue-mieux-etre-dunkerque\/\"]}]},{\"@type\":\"ImageObject\",\"inLanguage\":\"fr-FR\",\"@id\":\"https:\/\/mieux-etre-dk.com\/index.php\/bienvenue-mieux-etre-dunkerque\/#primaryimage\",\"url\":\"https:\/\/mieux-etre-dk.com\/wp-content\/uploads\/2025\/12\/Qui-suis-je-1.png\",\"contentUrl\":\"https:\/\/mieux-etre-dk.com\/wp-content\/uploads\/2025\/12\/Qui-suis-je-1.png\",\"width\":940,\"height\":788},{\"@type\":\"BreadcrumbList\",\"@id\":\"https:\/\/mieux-etre-dk.com\/index.php\/bienvenue-mieux-etre-dunkerque\/#breadcrumb\",\"itemListElement\":[{\"@type\":\"ListItem\",\"position\":1,\"name\":\"Accueil\",\"item\":\"https:\/\/mieux-etre-dk.com\/\"},{\"@type\":\"ListItem\",\"position\":2,\"name\":\"\u00a0Bienvenue\"}]},{\"@type\":\"WebSite\",\"@id\":\"https:\/\/mieux-etre-dk.com\/#website\",\"url\":\"https:\/\/mieux-etre-dk.com\/\",\"name\":\"MIEUX-\u00caTRE-DK\",\"description\":\"Au-del\u00e0 du bien-\u00eatre\",\"publisher\":{\"@id\":\"https:\/\/mieux-etre-dk.com\/#organization\"},\"potentialAction\":[{\"@type\":\"SearchAction\",\"target\":{\"@type\":\"EntryPoint\",\"urlTemplate\":\"https:\/\/mieux-etre-dk.com\/?s={search_term_string}\"},\"query-input\":{\"@type\":\"PropertyValueSpecification\",\"valueRequired\":true,\"valueName\":\"search_term_string\"}}],\"inLanguage\":\"fr-FR\"},{\"@type\":\"Organization\",\"@id\":\"https:\/\/mieux-etre-dk.com\/#organization\",\"name\":\"mieux-etre-dk\",\"url\":\"https:\/\/mieux-etre-dk.com\/\",\"logo\":{\"@type\":\"ImageObject\",\"inLanguage\":\"fr-FR\",\"@id\":\"https:\/\/mieux-etre-dk.com\/#\/schema\/logo\/image\/\",\"url\":\"https:\/\/mieux-etre-dk.com\/wp-content\/uploads\/2019\/06\/logo-mieux-\u00eatre-dk-massage-relaxation-detente-personnalis\u00e9-refelexologie-plantaire-lacher-prise-d\u00e9contractant-dunkerque.png\",\"contentUrl\":\"https:\/\/mieux-etre-dk.com\/wp-content\/uploads\/2019\/06\/logo-mieux-\u00eatre-dk-massage-relaxation-detente-personnalis\u00e9-refelexologie-plantaire-lacher-prise-d\u00e9contractant-dunkerque.png\",\"width\":500,\"height\":500,\"caption\":\"mieux-etre-dk\"},\"image\":{\"@id\":\"https:\/\/mieux-etre-dk.com\/#\/schema\/logo\/image\/\"},\"sameAs\":[\"https:\/\/www.facebook.com\/MieuxEtreDK\",\"https:\/\/www.instagram.com\/mieuxetredk\/\"]}]}<\/script>\n<!-- \/ Yoast SEO plugin. -->","yoast_head_json":{"title":"\u00a0Bienvenue - MIEUX-\u00caTRE-DK","description":"Bienvenue chez Mieux-\u00catre : massages tantriques, massage sonore, ateliers de d\u00e9veloppement personnel, boutique mieux-\u00eatre \u00e0 Dunkerque","robots":{"index":"index","follow":"follow","max-snippet":"max-snippet:-1","max-image-preview":"max-image-preview:large","max-video-preview":"max-video-preview:-1"},"canonical":"https:\/\/mieux-etre-dk.com\/index.php\/bienvenue-mieux-etre-dunkerque\/","og_locale":"fr_FR","og_type":"article","og_title":"\u00a0Bienvenue - MIEUX-\u00caTRE-DK","og_description":"Bienvenue chez Mieux-\u00catre : massages tantriques, massage sonore, ateliers de d\u00e9veloppement personnel, boutique mieux-\u00eatre \u00e0 Dunkerque","og_url":"https:\/\/mieux-etre-dk.com\/index.php\/bienvenue-mieux-etre-dunkerque\/","og_site_name":"MIEUX-\u00caTRE-DK","article_publisher":"https:\/\/www.facebook.com\/MieuxEtreDK","article_modified_time":"2026-04-17T20:07:37+00:00","og_image":[{"width":940,"height":788,"url":"https:\/\/mieux-etre-dk.com\/wp-content\/uploads\/2025\/12\/Qui-suis-je-1.png","type":"image\/png"}],"twitter_card":"summary_large_image","twitter_misc":{"Dur\u00e9e de lecture estim\u00e9e":"3 minutes"},"schema":{"@context":"https:\/\/schema.org","@graph":[{"@type":"WebPage","@id":"https:\/\/mieux-etre-dk.com\/index.php\/bienvenue-mieux-etre-dunkerque\/","url":"https:\/\/mieux-etre-dk.com\/index.php\/bienvenue-mieux-etre-dunkerque\/","name":"\u00a0Bienvenue - MIEUX-\u00caTRE-DK","isPartOf":{"@id":"https:\/\/mieux-etre-dk.com\/#website"},"primaryImageOfPage":{"@id":"https:\/\/mieux-etre-dk.com\/index.php\/bienvenue-mieux-etre-dunkerque\/#primaryimage"},"image":{"@id":"https:\/\/mieux-etre-dk.com\/index.php\/bienvenue-mieux-etre-dunkerque\/#primaryimage"},"thumbnailUrl":"https:\/\/mieux-etre-dk.com\/wp-content\/uploads\/2025\/12\/Qui-suis-je-1-300x251.png","datePublished":"2025-12-03T14:42:31+00:00","dateModified":"2026-04-17T20:07:37+00:00","description":"Bienvenue chez Mieux-\u00catre : massages tantriques, massage sonore, ateliers de d\u00e9veloppement personnel, boutique mieux-\u00eatre \u00e0 Dunkerque","breadcrumb":{"@id":"https:\/\/mieux-etre-dk.com\/index.php\/bienvenue-mieux-etre-dunkerque\/#breadcrumb"},"inLanguage":"fr-FR","potentialAction":[{"@type":"ReadAction","target":["https:\/\/mieux-etre-dk.com\/index.php\/bienvenue-mieux-etre-dunkerque\/"]}]},{"@type":"ImageObject","inLanguage":"fr-FR","@id":"https:\/\/mieux-etre-dk.com\/index.php\/bienvenue-mieux-etre-dunkerque\/#primaryimage","url":"https:\/\/mieux-etre-dk.com\/wp-content\/uploads\/2025\/12\/Qui-suis-je-1.png","contentUrl":"https:\/\/mieux-etre-dk.com\/wp-content\/uploads\/2025\/12\/Qui-suis-je-1.png","width":940,"height":788},{"@type":"BreadcrumbList","@id":"https:\/\/mieux-etre-dk.com\/index.php\/bienvenue-mieux-etre-dunkerque\/#breadcrumb","itemListElement":[{"@type":"ListItem","position":1,"name":"Accueil","item":"https:\/\/mieux-etre-dk.com\/"},{"@type":"ListItem","position":2,"name":"\u00a0Bienvenue"}]},{"@type":"WebSite","@id":"https:\/\/mieux-etre-dk.com\/#website","url":"https:\/\/mieux-etre-dk.com\/","name":"MIEUX-\u00caTRE-DK","description":"Au-del\u00e0 du bien-\u00eatre","publisher":{"@id":"https:\/\/mieux-etre-dk.com\/#organization"},"potentialAction":[{"@type":"SearchAction","target":{"@type":"EntryPoint","urlTemplate":"https:\/\/mieux-etre-dk.com\/?s={search_term_string}"},"query-input":{"@type":"PropertyValueSpecification","valueRequired":true,"valueName":"search_term_string"}}],"inLanguage":"fr-FR"},{"@type":"Organization","@id":"https:\/\/mieux-etre-dk.com\/#organization","name":"mieux-etre-dk","url":"https:\/\/mieux-etre-dk.com\/","logo":{"@type":"ImageObject","inLanguage":"fr-FR","@id":"https:\/\/mieux-etre-dk.com\/#\/schema\/logo\/image\/","url":"https:\/\/mieux-etre-dk.com\/wp-content\/uploads\/2019\/06\/logo-mieux-\u00eatre-dk-massage-relaxation-detente-personnalis\u00e9-refelexologie-plantaire-lacher-prise-d\u00e9contractant-dunkerque.png","contentUrl":"https:\/\/mieux-etre-dk.com\/wp-content\/uploads\/2019\/06\/logo-mieux-\u00eatre-dk-massage-relaxation-detente-personnalis\u00e9-refelexologie-plantaire-lacher-prise-d\u00e9contractant-dunkerque.png","width":500,"height":500,"caption":"mieux-etre-dk"},"image":{"@id":"https:\/\/mieux-etre-dk.com\/#\/schema\/logo\/image\/"},"sameAs":["https:\/\/www.facebook.com\/MieuxEtreDK","https:\/\/www.instagram.com\/mieuxetredk\/"]}]}},"_links":{"self":[{"href":"https:\/\/mieux-etre-dk.com\/index.php\/wp-json\/wp\/v2\/pages\/5636","targetHints":{"allow":["GET"]}}],"collection":[{"href":"https:\/\/mieux-etre-dk.com\/index.php\/wp-json\/wp\/v2\/pages"}],"about":[{"href":"https:\/\/mieux-etre-dk.com\/index.php\/wp-json\/wp\/v2\/types\/page"}],"author":[{"embeddable":true,"href":"https:\/\/mieux-etre-dk.com\/index.php\/wp-json\/wp\/v2\/users\/1"}],"replies":[{"embeddable":true,"href":"https:\/\/mieux-etre-dk.com\/index.php\/wp-json\/wp\/v2\/comments?post=5636"}],"version-history":[{"count":12,"href":"https:\/\/mieux-etre-dk.com\/index.php\/wp-json\/wp\/v2\/pages\/5636\/revisions"}],"predecessor-version":[{"id":5833,"href":"https:\/\/mieux-etre-dk.com\/index.php\/wp-json\/wp\/v2\/pages\/5636\/revisions\/5833"}],"wp:attachment":[{"href":"https:\/\/mieux-etre-dk.com\/index.php\/wp-json\/wp\/v2\/media?parent=5636"}],"curies":[{"name":"wp","href":"https:\/\/api.w.org\/{rel}","templated":true}]}}