{"id":5699,"date":"2025-12-09T17:00:04","date_gmt":"2025-12-09T16:00:04","guid":{"rendered":"https:\/\/mieux-etre-dk.com\/?page_id=5699"},"modified":"2026-03-17T08:28:15","modified_gmt":"2026-03-17T07:28:15","slug":"prestations-et-tarifs","status":"publish","type":"page","link":"https:\/\/mieux-etre-dk.com\/index.php\/prestations-et-tarifs\/","title":{"rendered":"Prestations et tarifs"},"content":{"rendered":"<table style=\"border-collapse: collapse; width: 100%;\">\n<tbody>\n<tr>\n<td style=\"width: 100%;\">Plonge dans un univers de d\u00e9tente et de transformation int\u00e9rieure.<\/p>\n<p>\u00c0 travers mon <strong>massage tantrique<\/strong>, mon <strong>massage harmonie f\u00e9minine<\/strong>, mes ateliers <strong>tantra pour couple<\/strong>, mes parcours <strong>transformation<\/strong> <strong>f\u00e9minine<\/strong>, mes<strong> ateliers\u00a0de d\u00e9veloppement personnel<\/strong>, je t\u2019accompagne vers plus de bien-\u00eatre, d\u2019harmonie et d\u2019\u00e9panouissement.<\/p>\n<p>Chaque prestation est pens\u00e9e comme un voyage unique, o\u00f9 le toucher, l\u2019\u00e9nergie et la conscience s\u2019unissent pour t\u2019offrir une exp\u00e9rience profonde de <strong>relaxation, reconnexion et l\u00e2cher-prise<\/strong>.<\/p>\n<p><a href=\"https:\/\/mieux-etre-dk.com\/index.php\/bienvenue-mieux-etre-dunkerque\/massage-tantrique-2\/\" rel=\"attachment wp-att-5688\"><img loading=\"lazy\" decoding=\"async\" class=\"aligncenter size-medium wp-image-5688\" src=\"https:\/\/mieux-etre-dk.com\/wp-content\/uploads\/2025\/12\/massage-tantrique-300x251.png\" alt=\"\" width=\"300\" height=\"251\" srcset=\"https:\/\/mieux-etre-dk.com\/wp-content\/uploads\/2025\/12\/massage-tantrique-300x251.png 300w, https:\/\/mieux-etre-dk.com\/wp-content\/uploads\/2025\/12\/massage-tantrique-768x644.png 768w, https:\/\/mieux-etre-dk.com\/wp-content\/uploads\/2025\/12\/massage-tantrique.png 940w\" sizes=\"auto, (max-width: 300px) 100vw, 300px\" \/><\/a><\/p>\n<h3><a href=\"https:\/\/mieux-etre-dk.com\/index.php\/relaxation-profonde-reconnexion\/\">Massage tantrique<\/a><\/h3>\n<p><em>Paiement accept\u00e9:\u00a0<strong>esp\u00e8ces\u00a0<\/strong>et<strong>\u00a0ch\u00e8ques<\/strong><\/em><\/p>\n<p>Bien plus qu\u2019un massage, c\u2019est un voyage int\u00e9rieur qui t\u2019invite \u00e0 explorer tes \u00e9motions, harmoniser ton \u00e9nergie et te reconnecter \u00e0 ton essence profonde.<\/p>\n<p>Dans un cadre bienveillant et respectueux, ce massage ouvre un espace de transformation int\u00e9rieure et de lib\u00e9ration.<\/p>\n<p><a href=\"https:\/\/mieux-etre-dk.com\/index.php\/massage-tantrique-holistique-femme\/\">Massage tantrique holistique (femme)<\/a><\/p>\n<p>Les premiers: <strong>\u00a0180 \u20ac<\/strong><\/p>\n<p>Ensuite, (quand l&rsquo;\u00e9nergie circule) :<strong> 220 \u20ac<\/strong><\/p>\n<p>Dur\u00e9e: Environ 90 minutes (Pr\u00e9voir du temps en plus pour l&rsquo;accueil, l&rsquo;installation et notre temps d&rsquo;\u00e9changes)<\/p>\n<p><a href=\"https:\/\/mieux-etre-dk.com\/index.php\/massage-tantrique-ethique-homme\/\">Massage tantrique \u00e9thique (homme)<\/a><\/p>\n<p>Les premiers: <strong>200 \u20ac<\/strong><\/p>\n<p>Ensuite,(quand l&rsquo;\u00e9nergie circule) : <strong>250 \u20ac<\/strong><\/p>\n<p>Dur\u00e9e: Environ 90 minutes (Pr\u00e9voir\u00a0 du temps en plus pour l&rsquo;accueil, l&rsquo;installation et notre temps d&rsquo;\u00e9changes)<\/p>\n<h3><a href=\"https:\/\/mieux-etre-dk.com\/index.php\/massage-harmonie-feminine-massage-profond-et-relaxant-pour-femme\/\">Massage harmonie f\u00e9minine<\/a><\/h3>\n<p><a href=\"https:\/\/mieux-etre-dk.com\/index.php\/prestations-et-tarifs\/avis-49\/\" rel=\"attachment wp-att-5756\"><img loading=\"lazy\" decoding=\"async\" class=\"aligncenter size-medium wp-image-5756\" src=\"https:\/\/mieux-etre-dk.com\/wp-content\/uploads\/2026\/02\/Avis-49-300x251.png\" alt=\"\" width=\"300\" height=\"251\" srcset=\"https:\/\/mieux-etre-dk.com\/wp-content\/uploads\/2026\/02\/Avis-49-300x251.png 300w, https:\/\/mieux-etre-dk.com\/wp-content\/uploads\/2026\/02\/Avis-49-768x644.png 768w, https:\/\/mieux-etre-dk.com\/wp-content\/uploads\/2026\/02\/Avis-49.png 940w\" sizes=\"auto, (max-width: 300px) 100vw, 300px\" \/><\/a><\/p>\n<p><em>Paiement accept\u00e9:\u00a0<strong>esp\u00e8ces\u00a0<\/strong>et<strong>\u00a0ch\u00e8ques<\/strong><\/em><\/p>\n<p>Un soin complet et signature, m\u00ealant travail en profondeur, r\u00e9flexologie, harmonisation \u00e9nerg\u00e9tique et d\u00e9tente totale. Un moment pour toi, pour rel\u00e2cher tensions et retrouver ton \u00e9quilibre.<\/p>\n<p>Dur\u00e9e: 90 minutes (Pr\u00e9voir du temps en plus pour l&rsquo;accueil, l&rsquo;installation et notre temps d&rsquo;\u00e9changes)<\/p>\n<p>Tarif: <strong>110 \u20ac<\/strong><\/p>\n<h3><a href=\"https:\/\/mieux-etre-dk.com\/index.php\/parcours-transformation-feminine\/\">Parcours transformation f\u00e9minine<\/a><\/h3>\n<p>Deux massages compl\u00e9mentaires pour rel\u00e2cher les tensions et habiter ton corps avec plus de pr\u00e9sence.<\/p>\n<p>Dur\u00e9e: 2 rendez-vous de\u00a0 90 mn\u00a0 de massage, plus un temps pour l&rsquo;accueil, l&rsquo;installation et nos temps d&rsquo;\u00e9changes.<\/p>\n<p>1er rendez-vous: <a href=\"https:\/\/mieux-etre-dk.com\/index.php\/massage-harmonie-feminine-massage-profond-et-relaxant-pour-femme\/\">massage harmonie f\u00e9minine<\/a><\/p>\n<p>2\u00e8me rendez-vous: <a href=\"https:\/\/mieux-etre-dk.com\/index.php\/massage-tantrique-holistique-femme\/\">massage tantrique holistique<\/a><\/p>\n<p>Tarif: <strong>240 \u20ac<\/strong> au lieu de 290\u20ac<\/p>\n<h3><a href=\"https:\/\/mieux-etre-dk.com\/index.php\/parcours-transformation-feminine-continue-massage-tantrique-feminin\/\">Parcours transformation f\u00e9minine continu.<\/a><\/h3>\n<p>Prolonge ton voyage int\u00e9rieur avec plusieurs <a href=\"https:\/\/mieux-etre-dk.com\/index.php\/relaxation-profonde-reconnexion\/\">massages tantriques<\/a>, et profite d&rsquo;un tarif d\u00e9gressif si tu prends plusieurs s\u00e9ances.<\/p>\n<p>Tarifs d\u00e9gressifs:<\/p>\n<p><strong> 3<\/strong> s\u00e9ances: <strong>480 \u20ac<\/strong> au lieu de 540 \u20ac<\/p>\n<h3><a href=\"https:\/\/mieux-etre-dk.com\/index.php\/massage-sonore-soin-vibratoire-dunkerque\/\">Massage sonore<\/a><\/h3>\n<p>Un bain de sons et de vibrations qui apaise le corps, soutient l&rsquo;harmonisation \u00e9nergetique et favorise l&rsquo;ancrage.<\/p>\n<p>Dur\u00e9e: 90 minutes ou 120 minutes (avec soin \u00e9nerg\u00e9tique) (Pr\u00e9voir du temps en plus pour l&rsquo;accueil, l&rsquo;installation et notre temps d&rsquo;\u00e9changes)<\/p>\n<p>Tarifs: <strong>110 \u20ac<\/strong> ou <strong>140 \u20ac<\/strong><\/p>\n<h3><a href=\"https:\/\/mieux-etre-dk.com\/index.php\/massage-femme-enceinte-massage-grossesse-massage-bien-etre-femme-enceinte-massage-grossesse-dunkerque\/\">Massage pr\u00e9natal<\/a><\/h3>\n<p>Un moment de mieux-\u00eatre pendant votre grossesse pour rel\u00e2cher les tensions et vous connecter \u00e0 votre b\u00e9b\u00e9<\/p>\n<p>Dur\u00e9e: 75 minutes (Pr\u00e9voir du temps en plus pour l&rsquo;accueil, l&rsquo;installation et notre temps d&rsquo;\u00e9changes)<\/p>\n<p>Tarif d\u00e9gressif:<\/p>\n<p><strong>1<\/strong> s\u00e9ance: <strong>80\u20ac<\/strong><\/p>\n<p><strong>2<\/strong> s\u00e9ances: <strong>150\u20ac<\/strong><\/p>\n<p><strong>3<\/strong> s\u00e9ances: <strong>210\u20ac<\/strong><\/p>\n<p><strong>4<\/strong> s\u00e9ances: <strong>260\u20ac<\/strong><\/p>\n<p>A partir de la 5\u00e8me s\u00e9ance: 60\u20ac par s\u00e9ance ( forfait <strong>5<\/strong> s\u00e9ances: <strong>320\u20ac)<\/strong><\/p>\n<p>Bonus postnatal: Chaque future maman re\u00e7oit un ch\u00e8que cadeau de 30\u20ac \u00e0 utiliser apr\u00e8s l&rsquo;accouchement pour prolonger ce moment de d\u00e9tente.<\/p>\n<p>&nbsp;<\/p>\n<h3><a href=\"https:\/\/mieux-etre-dk.com\/index.php\/atelier-tantra-couple\/\">Programme tantra pour couple.<\/a><\/h3>\n<p><a href=\"https:\/\/mieux-etre-dk.com\/index.php\/prestations-et-tarifs\/avis-1\/\" rel=\"attachment wp-att-5712\"><img loading=\"lazy\" decoding=\"async\" class=\"aligncenter size-medium wp-image-5712\" src=\"https:\/\/mieux-etre-dk.com\/wp-content\/uploads\/2025\/12\/Avis-1-300x251.png\" alt=\"\" width=\"300\" height=\"251\" srcset=\"https:\/\/mieux-etre-dk.com\/wp-content\/uploads\/2025\/12\/Avis-1-300x251.png 300w, https:\/\/mieux-etre-dk.com\/wp-content\/uploads\/2025\/12\/Avis-1-768x644.png 768w, https:\/\/mieux-etre-dk.com\/wp-content\/uploads\/2025\/12\/Avis-1.png 940w\" sizes=\"auto, (max-width: 300px) 100vw, 300px\" \/><\/a><\/p>\n<p>Un chemin progressif pour les couples, en 4 ateliers, afin de : se reconnecter \u00e0 soi et \u00e0 l\u2019autre explorer le consentement et la pr\u00e9sence vivre une intimit\u00e9 plus consciente d\u00e9couvrir le toucher et le massage tantrique dans un cadre s\u00e9curisant et respectueux<\/p>\n<p><strong>Tarifs: <\/strong><\/p>\n<p>Chaque atelier : 350 \u20ac pour une dur\u00e9e de 3 heures chacun<\/p>\n<p>Programme complet (4 ateliers) : 1 200 \u20ac<\/p>\n<h3><a href=\"https:\/\/mieux-etre-dk.com\/index.php\/atelier-de-developpement-personnel\/\">Stages et ateliers de d\u00e9veloppement personnel<\/a><\/h3>\n<p>En compl\u00e9ment des massages, j\u2019anime des<strong> ateliers et stages de d\u00e9veloppement personnel<\/strong> en petits groupes.<\/p>\n<p>Chaque rencontre explore une th\u00e9matique sp\u00e9cifique (comme<strong> se r\u00e9concilier avec son corps<\/strong>), et combine exercices pratiques, partages et moments de d\u00e9tente.<\/p>\n<p>Ces ateliers cr\u00e9ent un espace s\u00e9curisant et chaleureux, o\u00f9 chacun peut avancer \u00e0 son rythme, d\u00e9passer ses blocages et retrouver son authenticit\u00e9.<\/p>\n<p>&nbsp;<\/p>\n<h3>Pourquoi choisir mes accompagnements ?<\/h3>\n<h5>Relaxation profonde et l\u00e2cher-prise<\/h5>\n<p>Mon massage et mes ateliers sont con\u00e7us pour lib\u00e9rer le corps et apaiser l\u2019esprit, afin de retrouver calme et s\u00e9r\u00e9nit\u00e9.<\/p>\n<h5>Reconnexion \u00e0 soi et \u00e9panouissement<\/h5>\n<p>Chaque soin et chaque stage sont une invitation \u00e0 se recentrer, se red\u00e9couvrir et renouer avec sa vitalit\u00e9 int\u00e9rieure.<\/p>\n<h5>Un accompagnement bienveillant et personnalis\u00e9<\/h5>\n<p>J\u2019accueille chaque personne avec respect, douceur et \u00e9coute, pour l\u2019aider \u00e0 cheminer vers plus d\u2019\u00e9quilibre et d\u2019harmonie.<\/p>\n<h1 style=\"text-align: center;\">Ch\u00e8ques cadeaux<\/h1>\n<p style=\"text-align: center;\">Possibilit\u00e9e d\u2019offrir un ch\u00e8que cadeau de la valeur souhaiter<\/p>\n<p style=\"text-align: center;\">Il peut \u00eatre retir\u00e9 chez mieux-\u00eatre ou envoy\u00e9e gratuitement par sms.<\/p>\n<\/td>\n<\/tr>\n<tr>\n<td style=\"width: 100%;\"><\/td>\n<\/tr>\n<\/tbody>\n<\/table>\n","protected":false},"excerpt":{"rendered":"<p>Plonge dans un univers de d\u00e9tente et de transformation int\u00e9rieure. \u00c0 travers mon massage tantrique, mon massage harmonie f\u00e9minine, mes ateliers tantra pour couple, mes parcours transformation f\u00e9minine, mes ateliers\u00a0de d\u00e9veloppement personnel, je t\u2019accompagne vers plus de bien-\u00eatre, d\u2019harmonie et d\u2019\u00e9panouissement. Chaque prestation est pens\u00e9e comme un voyage unique, o\u00f9 le toucher, l\u2019\u00e9nergie et la conscience s\u2019unissent pour t\u2019offrir une exp\u00e9rience profonde de relaxation, reconnexion et l\u00e2cher-prise. Massage tantrique Paiement accept\u00e9:\u00a0esp\u00e8ces\u00a0et\u00a0ch\u00e8ques Bien plus qu\u2019un massage, c\u2019est un voyage int\u00e9rieur qui t\u2019invite \u00e0 explorer tes \u00e9motions, harmoniser ton \u00e9nergie et te reconnecter \u00e0 ton essence profonde. Dans un cadre bienveillant et respectueux, ce massage ouvre un espace de transformation int\u00e9rieure et de lib\u00e9ration. Massage tantrique holistique (femme) Les premiers: \u00a0180 \u20ac Ensuite, (quand l&rsquo;\u00e9nergie circule) : 220 \u20ac Dur\u00e9e: Environ 90 minutes (Pr\u00e9voir du temps en plus pour l&rsquo;accueil, l&rsquo;installation et notre temps d&rsquo;\u00e9changes) Massage tantrique \u00e9thique (homme) Les premiers: 200 \u20ac Ensuite,(quand l&rsquo;\u00e9nergie circule) : 250 \u20ac Dur\u00e9e: Environ 90 minutes (Pr\u00e9voir\u00a0 du temps en plus pour l&rsquo;accueil, l&rsquo;installation et notre temps d&rsquo;\u00e9changes) Massage harmonie f\u00e9minine Paiement accept\u00e9:\u00a0esp\u00e8ces\u00a0et\u00a0ch\u00e8ques Un soin complet et signature, m\u00ealant travail en profondeur, r\u00e9flexologie, harmonisation \u00e9nerg\u00e9tique et d\u00e9tente totale. Un moment pour toi, pour rel\u00e2cher tensions et retrouver ton \u00e9quilibre. Dur\u00e9e: 90 minutes (Pr\u00e9voir du temps en plus pour l&rsquo;accueil, l&rsquo;installation et notre temps d&rsquo;\u00e9changes) Tarif: 110 \u20ac Parcours transformation f\u00e9minine Deux massages compl\u00e9mentaires pour rel\u00e2cher les tensions et habiter ton corps avec plus de pr\u00e9sence. Dur\u00e9e: 2 rendez-vous de\u00a0 90 mn\u00a0 de massage, plus un temps pour l&rsquo;accueil, l&rsquo;installation et nos temps d&rsquo;\u00e9changes. 1er rendez-vous: massage harmonie f\u00e9minine 2\u00e8me rendez-vous: massage tantrique holistique Tarif: 240 \u20ac au lieu de 290\u20ac Parcours transformation f\u00e9minine continu. Prolonge ton voyage int\u00e9rieur avec plusieurs massages tantriques, et profite d&rsquo;un tarif d\u00e9gressif si tu prends plusieurs s\u00e9ances. Tarifs d\u00e9gressifs: 3 s\u00e9ances: 480 \u20ac au lieu de 540 \u20ac Massage sonore Un bain de sons et de vibrations qui apaise le corps, soutient l&rsquo;harmonisation \u00e9nergetique et favorise l&rsquo;ancrage. Dur\u00e9e: 90 minutes ou 120 minutes (avec soin \u00e9nerg\u00e9tique) (Pr\u00e9voir du temps en plus pour l&rsquo;accueil, l&rsquo;installation et notre temps d&rsquo;\u00e9changes) Tarifs: 110 \u20ac ou 140 \u20ac Massage pr\u00e9natal Un moment de mieux-\u00eatre pendant votre grossesse pour rel\u00e2cher les tensions et vous connecter \u00e0 votre b\u00e9b\u00e9 Dur\u00e9e: 75 minutes (Pr\u00e9voir du temps en plus pour l&rsquo;accueil, l&rsquo;installation et notre temps d&rsquo;\u00e9changes) Tarif d\u00e9gressif: 1 s\u00e9ance: 80\u20ac 2 s\u00e9ances: 150\u20ac 3 s\u00e9ances: 210\u20ac 4 s\u00e9ances: 260\u20ac A partir de la 5\u00e8me s\u00e9ance: 60\u20ac par s\u00e9ance ( forfait 5 s\u00e9ances: 320\u20ac) Bonus postnatal: Chaque future maman re\u00e7oit un ch\u00e8que cadeau de 30\u20ac \u00e0 utiliser apr\u00e8s l&rsquo;accouchement pour prolonger ce moment de d\u00e9tente. &nbsp; Programme tantra pour couple. Un chemin progressif pour les couples, en 4 ateliers, afin de : se reconnecter \u00e0 soi et \u00e0 l\u2019autre explorer le consentement et la pr\u00e9sence vivre une intimit\u00e9 plus consciente d\u00e9couvrir le toucher et le massage tantrique dans un cadre s\u00e9curisant et respectueux Tarifs: Chaque atelier : 350 \u20ac pour une dur\u00e9e de 3 heures chacun Programme complet (4 ateliers) : 1 200 \u20ac Stages et ateliers de d\u00e9veloppement personnel En compl\u00e9ment des massages, j\u2019anime des ateliers et stages de d\u00e9veloppement personnel en petits groupes. Chaque rencontre explore une th\u00e9matique sp\u00e9cifique (comme se r\u00e9concilier avec son corps), et combine exercices pratiques, partages et moments de d\u00e9tente. Ces ateliers cr\u00e9ent un espace s\u00e9curisant et chaleureux, o\u00f9 chacun peut avancer \u00e0 son rythme, d\u00e9passer ses blocages et retrouver son authenticit\u00e9. &nbsp; Pourquoi choisir mes accompagnements ? Relaxation profonde et l\u00e2cher-prise Mon massage et mes ateliers sont con\u00e7us pour lib\u00e9rer le corps et apaiser l\u2019esprit, afin de retrouver calme et s\u00e9r\u00e9nit\u00e9. Reconnexion \u00e0 soi et \u00e9panouissement Chaque soin et chaque stage sont une invitation \u00e0 se recentrer, se red\u00e9couvrir et renouer avec sa vitalit\u00e9 int\u00e9rieure. Un accompagnement bienveillant et personnalis\u00e9 J\u2019accueille chaque personne avec respect, douceur et \u00e9coute, pour l\u2019aider \u00e0 cheminer vers plus d\u2019\u00e9quilibre et d\u2019harmonie. Ch\u00e8ques cadeaux Possibilit\u00e9e d\u2019offrir un ch\u00e8que cadeau de la valeur souhaiter Il peut \u00eatre retir\u00e9 chez mieux-\u00eatre ou envoy\u00e9e gratuitement par sms.<\/p>\n","protected":false},"author":1,"featured_media":0,"parent":0,"menu_order":0,"comment_status":"closed","ping_status":"closed","template":"","meta":{"footnotes":""},"class_list":["post-5699","page","type-page","status-publish","hentry"],"yoast_head":"<!-- This site is optimized with the Yoast SEO plugin v26.5 - https:\/\/yoast.com\/wordpress\/plugins\/seo\/ -->\n<title>Prestations et tarifs - MIEUX-\u00caTRE-DK<\/title>\n<meta name=\"description\" content=\"D\u00e9couvrez mes prestations et tarifs: massage tantrique, massage harmonie f\u00e9minine, parcours transformation f\u00e9minin, etc.\" \/>\n<meta name=\"robots\" content=\"index, follow, max-snippet:-1, max-image-preview:large, max-video-preview:-1\" \/>\n<link rel=\"canonical\" href=\"https:\/\/mieux-etre-dk.com\/index.php\/prestations-et-tarifs\/\" \/>\n<meta property=\"og:locale\" content=\"fr_FR\" \/>\n<meta property=\"og:type\" content=\"article\" \/>\n<meta property=\"og:title\" content=\"Prestations et tarifs - MIEUX-\u00caTRE-DK\" \/>\n<meta property=\"og:description\" content=\"D\u00e9couvrez mes prestations et tarifs: massage tantrique, massage harmonie f\u00e9minine, parcours transformation f\u00e9minin, etc.\" \/>\n<meta property=\"og:url\" content=\"https:\/\/mieux-etre-dk.com\/index.php\/prestations-et-tarifs\/\" \/>\n<meta property=\"og:site_name\" content=\"MIEUX-\u00caTRE-DK\" \/>\n<meta property=\"article:publisher\" content=\"https:\/\/www.facebook.com\/MieuxEtreDK\" \/>\n<meta property=\"article:modified_time\" content=\"2026-03-17T07:28:15+00:00\" \/>\n<meta property=\"og:image\" content=\"https:\/\/mieux-etre-dk.com\/wp-content\/uploads\/2025\/12\/massage-tantrique.png\" \/>\n\t<meta property=\"og:image:width\" content=\"940\" \/>\n\t<meta property=\"og:image:height\" content=\"788\" \/>\n\t<meta property=\"og:image:type\" content=\"image\/png\" \/>\n<meta name=\"twitter:card\" content=\"summary_large_image\" \/>\n<meta name=\"twitter:label1\" content=\"Dur\u00e9e de lecture estim\u00e9e\" \/>\n\t<meta name=\"twitter:data1\" content=\"5 minutes\" \/>\n<script type=\"application\/ld+json\" class=\"yoast-schema-graph\">{\"@context\":\"https:\/\/schema.org\",\"@graph\":[{\"@type\":\"WebPage\",\"@id\":\"https:\/\/mieux-etre-dk.com\/index.php\/prestations-et-tarifs\/\",\"url\":\"https:\/\/mieux-etre-dk.com\/index.php\/prestations-et-tarifs\/\",\"name\":\"Prestations et tarifs - MIEUX-\u00caTRE-DK\",\"isPartOf\":{\"@id\":\"https:\/\/mieux-etre-dk.com\/#website\"},\"primaryImageOfPage\":{\"@id\":\"https:\/\/mieux-etre-dk.com\/index.php\/prestations-et-tarifs\/#primaryimage\"},\"image\":{\"@id\":\"https:\/\/mieux-etre-dk.com\/index.php\/prestations-et-tarifs\/#primaryimage\"},\"thumbnailUrl\":\"https:\/\/mieux-etre-dk.com\/wp-content\/uploads\/2025\/12\/massage-tantrique-300x251.png\",\"datePublished\":\"2025-12-09T16:00:04+00:00\",\"dateModified\":\"2026-03-17T07:28:15+00:00\",\"description\":\"D\u00e9couvrez mes prestations et tarifs: massage tantrique, massage harmonie f\u00e9minine, parcours transformation f\u00e9minin, etc.\",\"breadcrumb\":{\"@id\":\"https:\/\/mieux-etre-dk.com\/index.php\/prestations-et-tarifs\/#breadcrumb\"},\"inLanguage\":\"fr-FR\",\"potentialAction\":[{\"@type\":\"ReadAction\",\"target\":[\"https:\/\/mieux-etre-dk.com\/index.php\/prestations-et-tarifs\/\"]}]},{\"@type\":\"ImageObject\",\"inLanguage\":\"fr-FR\",\"@id\":\"https:\/\/mieux-etre-dk.com\/index.php\/prestations-et-tarifs\/#primaryimage\",\"url\":\"https:\/\/mieux-etre-dk.com\/wp-content\/uploads\/2025\/12\/massage-tantrique.png\",\"contentUrl\":\"https:\/\/mieux-etre-dk.com\/wp-content\/uploads\/2025\/12\/massage-tantrique.png\",\"width\":940,\"height\":788,\"caption\":\"massage tantrique, parcours transformation\"},{\"@type\":\"BreadcrumbList\",\"@id\":\"https:\/\/mieux-etre-dk.com\/index.php\/prestations-et-tarifs\/#breadcrumb\",\"itemListElement\":[{\"@type\":\"ListItem\",\"position\":1,\"name\":\"Accueil\",\"item\":\"https:\/\/mieux-etre-dk.com\/\"},{\"@type\":\"ListItem\",\"position\":2,\"name\":\"Prestations et tarifs\"}]},{\"@type\":\"WebSite\",\"@id\":\"https:\/\/mieux-etre-dk.com\/#website\",\"url\":\"https:\/\/mieux-etre-dk.com\/\",\"name\":\"MIEUX-\u00caTRE-DK\",\"description\":\"Au-del\u00e0 du bien-\u00eatre\",\"publisher\":{\"@id\":\"https:\/\/mieux-etre-dk.com\/#organization\"},\"potentialAction\":[{\"@type\":\"SearchAction\",\"target\":{\"@type\":\"EntryPoint\",\"urlTemplate\":\"https:\/\/mieux-etre-dk.com\/?s={search_term_string}\"},\"query-input\":{\"@type\":\"PropertyValueSpecification\",\"valueRequired\":true,\"valueName\":\"search_term_string\"}}],\"inLanguage\":\"fr-FR\"},{\"@type\":\"Organization\",\"@id\":\"https:\/\/mieux-etre-dk.com\/#organization\",\"name\":\"mieux-etre-dk\",\"url\":\"https:\/\/mieux-etre-dk.com\/\",\"logo\":{\"@type\":\"ImageObject\",\"inLanguage\":\"fr-FR\",\"@id\":\"https:\/\/mieux-etre-dk.com\/#\/schema\/logo\/image\/\",\"url\":\"https:\/\/mieux-etre-dk.com\/wp-content\/uploads\/2019\/06\/logo-mieux-\u00eatre-dk-massage-relaxation-detente-personnalis\u00e9-refelexologie-plantaire-lacher-prise-d\u00e9contractant-dunkerque.png\",\"contentUrl\":\"https:\/\/mieux-etre-dk.com\/wp-content\/uploads\/2019\/06\/logo-mieux-\u00eatre-dk-massage-relaxation-detente-personnalis\u00e9-refelexologie-plantaire-lacher-prise-d\u00e9contractant-dunkerque.png\",\"width\":500,\"height\":500,\"caption\":\"mieux-etre-dk\"},\"image\":{\"@id\":\"https:\/\/mieux-etre-dk.com\/#\/schema\/logo\/image\/\"},\"sameAs\":[\"https:\/\/www.facebook.com\/MieuxEtreDK\",\"https:\/\/www.instagram.com\/mieuxetredk\/\"]}]}<\/script>\n<!-- \/ Yoast SEO plugin. -->","yoast_head_json":{"title":"Prestations et tarifs - MIEUX-\u00caTRE-DK","description":"D\u00e9couvrez mes prestations et tarifs: massage tantrique, massage harmonie f\u00e9minine, parcours transformation f\u00e9minin, etc.","robots":{"index":"index","follow":"follow","max-snippet":"max-snippet:-1","max-image-preview":"max-image-preview:large","max-video-preview":"max-video-preview:-1"},"canonical":"https:\/\/mieux-etre-dk.com\/index.php\/prestations-et-tarifs\/","og_locale":"fr_FR","og_type":"article","og_title":"Prestations et tarifs - MIEUX-\u00caTRE-DK","og_description":"D\u00e9couvrez mes prestations et tarifs: massage tantrique, massage harmonie f\u00e9minine, parcours transformation f\u00e9minin, etc.","og_url":"https:\/\/mieux-etre-dk.com\/index.php\/prestations-et-tarifs\/","og_site_name":"MIEUX-\u00caTRE-DK","article_publisher":"https:\/\/www.facebook.com\/MieuxEtreDK","article_modified_time":"2026-03-17T07:28:15+00:00","og_image":[{"width":940,"height":788,"url":"https:\/\/mieux-etre-dk.com\/wp-content\/uploads\/2025\/12\/massage-tantrique.png","type":"image\/png"}],"twitter_card":"summary_large_image","twitter_misc":{"Dur\u00e9e de lecture estim\u00e9e":"5 minutes"},"schema":{"@context":"https:\/\/schema.org","@graph":[{"@type":"WebPage","@id":"https:\/\/mieux-etre-dk.com\/index.php\/prestations-et-tarifs\/","url":"https:\/\/mieux-etre-dk.com\/index.php\/prestations-et-tarifs\/","name":"Prestations et tarifs - MIEUX-\u00caTRE-DK","isPartOf":{"@id":"https:\/\/mieux-etre-dk.com\/#website"},"primaryImageOfPage":{"@id":"https:\/\/mieux-etre-dk.com\/index.php\/prestations-et-tarifs\/#primaryimage"},"image":{"@id":"https:\/\/mieux-etre-dk.com\/index.php\/prestations-et-tarifs\/#primaryimage"},"thumbnailUrl":"https:\/\/mieux-etre-dk.com\/wp-content\/uploads\/2025\/12\/massage-tantrique-300x251.png","datePublished":"2025-12-09T16:00:04+00:00","dateModified":"2026-03-17T07:28:15+00:00","description":"D\u00e9couvrez mes prestations et tarifs: massage tantrique, massage harmonie f\u00e9minine, parcours transformation f\u00e9minin, etc.","breadcrumb":{"@id":"https:\/\/mieux-etre-dk.com\/index.php\/prestations-et-tarifs\/#breadcrumb"},"inLanguage":"fr-FR","potentialAction":[{"@type":"ReadAction","target":["https:\/\/mieux-etre-dk.com\/index.php\/prestations-et-tarifs\/"]}]},{"@type":"ImageObject","inLanguage":"fr-FR","@id":"https:\/\/mieux-etre-dk.com\/index.php\/prestations-et-tarifs\/#primaryimage","url":"https:\/\/mieux-etre-dk.com\/wp-content\/uploads\/2025\/12\/massage-tantrique.png","contentUrl":"https:\/\/mieux-etre-dk.com\/wp-content\/uploads\/2025\/12\/massage-tantrique.png","width":940,"height":788,"caption":"massage tantrique, parcours transformation"},{"@type":"BreadcrumbList","@id":"https:\/\/mieux-etre-dk.com\/index.php\/prestations-et-tarifs\/#breadcrumb","itemListElement":[{"@type":"ListItem","position":1,"name":"Accueil","item":"https:\/\/mieux-etre-dk.com\/"},{"@type":"ListItem","position":2,"name":"Prestations et tarifs"}]},{"@type":"WebSite","@id":"https:\/\/mieux-etre-dk.com\/#website","url":"https:\/\/mieux-etre-dk.com\/","name":"MIEUX-\u00caTRE-DK","description":"Au-del\u00e0 du bien-\u00eatre","publisher":{"@id":"https:\/\/mieux-etre-dk.com\/#organization"},"potentialAction":[{"@type":"SearchAction","target":{"@type":"EntryPoint","urlTemplate":"https:\/\/mieux-etre-dk.com\/?s={search_term_string}"},"query-input":{"@type":"PropertyValueSpecification","valueRequired":true,"valueName":"search_term_string"}}],"inLanguage":"fr-FR"},{"@type":"Organization","@id":"https:\/\/mieux-etre-dk.com\/#organization","name":"mieux-etre-dk","url":"https:\/\/mieux-etre-dk.com\/","logo":{"@type":"ImageObject","inLanguage":"fr-FR","@id":"https:\/\/mieux-etre-dk.com\/#\/schema\/logo\/image\/","url":"https:\/\/mieux-etre-dk.com\/wp-content\/uploads\/2019\/06\/logo-mieux-\u00eatre-dk-massage-relaxation-detente-personnalis\u00e9-refelexologie-plantaire-lacher-prise-d\u00e9contractant-dunkerque.png","contentUrl":"https:\/\/mieux-etre-dk.com\/wp-content\/uploads\/2019\/06\/logo-mieux-\u00eatre-dk-massage-relaxation-detente-personnalis\u00e9-refelexologie-plantaire-lacher-prise-d\u00e9contractant-dunkerque.png","width":500,"height":500,"caption":"mieux-etre-dk"},"image":{"@id":"https:\/\/mieux-etre-dk.com\/#\/schema\/logo\/image\/"},"sameAs":["https:\/\/www.facebook.com\/MieuxEtreDK","https:\/\/www.instagram.com\/mieuxetredk\/"]}]}},"_links":{"self":[{"href":"https:\/\/mieux-etre-dk.com\/index.php\/wp-json\/wp\/v2\/pages\/5699","targetHints":{"allow":["GET"]}}],"collection":[{"href":"https:\/\/mieux-etre-dk.com\/index.php\/wp-json\/wp\/v2\/pages"}],"about":[{"href":"https:\/\/mieux-etre-dk.com\/index.php\/wp-json\/wp\/v2\/types\/page"}],"author":[{"embeddable":true,"href":"https:\/\/mieux-etre-dk.com\/index.php\/wp-json\/wp\/v2\/users\/1"}],"replies":[{"embeddable":true,"href":"https:\/\/mieux-etre-dk.com\/index.php\/wp-json\/wp\/v2\/comments?post=5699"}],"version-history":[{"count":26,"href":"https:\/\/mieux-etre-dk.com\/index.php\/wp-json\/wp\/v2\/pages\/5699\/revisions"}],"predecessor-version":[{"id":5807,"href":"https:\/\/mieux-etre-dk.com\/index.php\/wp-json\/wp\/v2\/pages\/5699\/revisions\/5807"}],"wp:attachment":[{"href":"https:\/\/mieux-etre-dk.com\/index.php\/wp-json\/wp\/v2\/media?parent=5699"}],"curies":[{"name":"wp","href":"https:\/\/api.w.org\/{rel}","templated":true}]}}